{"id":996,"date":"2025-12-29T11:43:33","date_gmt":"2025-12-29T10:43:33","guid":{"rendered":"https:\/\/jannu-ferides.org\/?page_id=996"},"modified":"2025-12-29T19:34:54","modified_gmt":"2025-12-29T18:34:54","slug":"collaboren-amb-nosaltres","status":"publish","type":"page","link":"https:\/\/jannu-ferides.org\/ca\/collaboren-amb-nosaltres\/","title":{"rendered":"Col\u00b7laboren amb nosaltres"},"content":{"rendered":"\n<p class=\"has-text-align-center\">Un projecte com <strong>Jannu Ferides<\/strong> neix d&#8217;un esperit de col\u00b7laboraci\u00f3.<\/p>\n\n\n\n<p class=\"has-text-align-center\"><br>En aquest sentit, l&#8217;equip de<strong> Jannu Ferides<\/strong> col\u00b7labora amb diferents tipus d&#8217;organitzacions d&#8217;arreu del m\u00f3n per ajudar a garantir que les persones que pateixen ferides, o que corren el risc de patir-ne, rebin una atenci\u00f3 adequada.<\/p>\n\n\n\n<p class=\"has-text-align-center\"><br>Moltes gr\u00e0cies als nostres col\u00b7laboradors!<\/p>\n\n\n\n<p><\/p>\n","protected":false},"excerpt":{"rendered":"<p>Un projecte com Jannu Ferides neix d&#8217;un esperit de col\u00b7laboraci\u00f3. En aquest sentit, l&#8217;equip de Jannu Ferides col\u00b7labora amb diferents tipus d&#8217;organitzacions d&#8217;arreu del m\u00f3n per ajudar a garantir que les persones que pateixen ferides, o que corren el risc de patir-ne, rebin una atenci\u00f3 adequada. Moltes gr\u00e0cies als nostres col\u00b7laboradors!<\/p>\n","protected":false},"author":4,"featured_media":0,"parent":0,"menu_order":0,"comment_status":"closed","ping_status":"closed","template":"page-colaboradores.php","meta":{"_acf_changed":false,"_uag_custom_page_level_css":"","footnotes":""},"class_list":["post-996","page","type-page","status-publish"],"acf":[],"uagb_featured_image_src":{"full":false,"thumbnail":false,"medium":false,"medium_large":false,"large":false,"1536x1536":false,"2048x2048":false},"uagb_author_info":{"display_name":"Joan-Enric Torra Bou","author_link":"https:\/\/jannu-ferides.org\/ca\/author\/jetorrabouhotmail-com\/"},"uagb_comment_info":0,"uagb_excerpt":"Un projecte com Jannu Ferides neix d&#8217;un esperit de col\u00b7laboraci\u00f3. En aquest sentit, l&#8217;equip de Jannu Ferides col\u00b7labora amb diferents tipus d&#8217;organitzacions d&#8217;arreu del m\u00f3n per ajudar a garantir que les persones que pateixen ferides, o que corren el risc de patir-ne, rebin una atenci\u00f3 adequada. Moltes gr\u00e0cies als nostres col\u00b7laboradors!","jetpack_sharing_enabled":true,"_links":{"self":[{"href":"https:\/\/jannu-ferides.org\/ca\/wp-json\/wp\/v2\/pages\/996","targetHints":{"allow":["GET"]}}],"collection":[{"href":"https:\/\/jannu-ferides.org\/ca\/wp-json\/wp\/v2\/pages"}],"about":[{"href":"https:\/\/jannu-ferides.org\/ca\/wp-json\/wp\/v2\/types\/page"}],"author":[{"embeddable":true,"href":"https:\/\/jannu-ferides.org\/ca\/wp-json\/wp\/v2\/users\/4"}],"replies":[{"embeddable":true,"href":"https:\/\/jannu-ferides.org\/ca\/wp-json\/wp\/v2\/comments?post=996"}],"version-history":[{"count":2,"href":"https:\/\/jannu-ferides.org\/ca\/wp-json\/wp\/v2\/pages\/996\/revisions"}],"predecessor-version":[{"id":1018,"href":"https:\/\/jannu-ferides.org\/ca\/wp-json\/wp\/v2\/pages\/996\/revisions\/1018"}],"wp:attachment":[{"href":"https:\/\/jannu-ferides.org\/ca\/wp-json\/wp\/v2\/media?parent=996"}],"curies":[{"name":"wp","href":"https:\/\/api.w.org\/{rel}","templated":true}]}}