{"id":970,"date":"2025-10-28T15:39:53","date_gmt":"2025-10-28T14:39:53","guid":{"rendered":"https:\/\/jannu-ferides.org\/?page_id=970"},"modified":"2025-12-29T19:40:31","modified_gmt":"2025-12-29T18:40:31","slug":"per-que-jannu-ferides","status":"publish","type":"page","link":"https:\/\/jannu-ferides.org\/ca\/per-que-jannu-ferides\/","title":{"rendered":"Per qu\u00e9 Jannu Ferides?"},"content":{"rendered":"\n<div class=\"wp-block-uagb-container uagb-block-3ce3b19a alignfull uagb-is-root-container\">\n<div class=\"wp-block-uagb-container uagb-block-bfda4aaa\">\n<p class=\"has-text-align-center my-0 has-large-font-size\">Les montanyes ens uneixen<\/p>\n\n\n\n<p class=\"has-text-align-center my-0\"><strong>Tots els projectes tenen un origen. En el cas de&nbsp;Jannu Ferides, una hist\u00f2ria d\u2019amistat&nbsp;i d\u2019amistats.<\/strong><\/p>\n\n\n\n<p class=\"has-text-align-center\">Comencem per l\u2019amistat&#8230;<\/p>\n\n\n\n<p class=\"has-text-align-center my-0\">El meu amic Jaume i jo vam comen\u00e7ar la nostra traject\u00f2ria alpin\u00edstica fa m\u00e9s de 40 anys i a l\u2019hora que escal\u00e0vem cims i descobr\u00edem paisatges, an\u00e0vem forjant una amistat s\u00f2lida i compromesa que, ara que ja som avis, ha acabat per unir-nos per a tota la vida.&nbsp;Despr\u00e9s, amb el pas dels anys, i a mida que la efervesc\u00e8ncia de la joventut s\u2019esva\u00efa, vam descobrir que la muntanya encara anava molt m\u00e9s enll\u00e0.&nbsp;&nbsp;<\/p>\n<\/div>\n\n\n\n<div class=\"wp-block-uagb-container uagb-block-5f73cb0a\">\n<div class=\"wp-block-uagb-image uagb-block-542e5949 wp-block-uagb-image--layout-default wp-block-uagb-image--effect-static wp-block-uagb-image--align-none\"><figure class=\"wp-block-uagb-image__figure\"><img decoding=\"async\" srcset=\"https:\/\/jannu-ferides.org\/wp-content\/uploads\/2025\/10\/las-montanas-unen-1-300x194.jpg ,https:\/\/jannu-ferides.nubwebinar.com\/wp-content\/uploads\/2025\/10\/las-montanas-unen-1.jpg 780w, https:\/\/jannu-ferides.nubwebinar.com\/wp-content\/uploads\/2025\/10\/las-montanas-unen-1.jpg 360w\" sizes=\"auto, (max-width: 480px) 150px\" src=\"https:\/\/jannu-ferides.org\/wp-content\/uploads\/2025\/10\/las-montanas-unen-1-300x194.jpg\" alt=\"\" class=\"uag-image-194\" width=\"300\" height=\"194\" title=\"las-montanas-unen-1\" loading=\"lazy\" role=\"img\"\/><\/figure><\/div>\n<\/div>\n<\/div>\n\n\n\n<div class=\"wp-block-uagb-container uagb-block-520400a1 alignfull uagb-is-root-container\"><div class=\"uagb-container__shape uagb-container__shape-top\"><svg xmlns=\"https:\/\/www.w3.org\/2000\/svg\" viewBox=\"0 0 937.5 120\" preserveAspectRatio=\"none\"><path class=\"uagb-container__shape-fill\" d=\"M937.5,124.3V0H0v124.3C0,100.8,227.4,2.9,578.9,4.1C926.9,0.3,937.5,100.4,937.5,124.3z\"><\/path><\/svg><\/div>\n<div class=\"wp-block-uagb-container uagb-block-b69344fd\">\n<div class=\"wp-block-uagb-image alignleft uagb-block-7366286b wp-block-uagb-image--layout-default wp-block-uagb-image--effect-static wp-block-uagb-image--align-left\"><figure class=\"wp-block-uagb-image__figure\"><img decoding=\"async\" srcset=\"https:\/\/jannu-ferides.org\/wp-content\/uploads\/2025\/10\/las-montanas-unen-2-300x225.jpg ,https:\/\/jannu-ferides.nubwebinar.com\/wp-content\/uploads\/2025\/10\/las-montanas-unen-2.jpg 780w, https:\/\/jannu-ferides.nubwebinar.com\/wp-content\/uploads\/2025\/10\/las-montanas-unen-2.jpg 360w\" sizes=\"auto, (max-width: 480px) 150px\" src=\"https:\/\/jannu-ferides.org\/wp-content\/uploads\/2025\/10\/las-montanas-unen-2-300x225.jpg\" alt=\"\" class=\"uag-image-195\" width=\"300\" height=\"225\" title=\"las-montanas-unen-2\" loading=\"lazy\" role=\"img\"\/><\/figure><\/div>\n<\/div>\n\n\n\n<div class=\"wp-block-uagb-container uagb-block-5e602166\">\n<p class=\"mb-0\">A trav\u00e9s de viatges i escalades en moltes serralades del m\u00f3n vam con\u00e8ixer tamb\u00e9 paisatges diferents, gents diferents i, finalment, vam entendre que existien tamb\u00e9 necessitats diferents.<\/p>\n\n\n\n<p class=\"mb-0\">Quan l\u2019any 2025 vam desembarcar a Nepal per descobrir el cim del Kangchenjunga, el caliu hum\u00e0 d\u2019aquell pa\u00eds ens va subjugar. Els reptes esportius perden embranzida davant dels somriures de les persones i acaben per semblar insignificants davant de les seves necessitats. Ens agrada resumir aquell periple a l\u2019Him\u00e0laia amb el t\u00edtol de \u201c<strong>Muntanyes i somriures<\/strong>\u201d.&nbsp;<\/p>\n\n\n\n<p class=\"mb-0\">Les&nbsp;<strong>muntanyes<\/strong>&nbsp;es concretaren en el Kangchenjunga, el tercer cim m\u00e9s alt de la terra, per\u00f2 es van sublimar en el pic del Jannu, un impressionant pic de quasi vuit-mil metres que es redre\u00e7a com una fletxa en el cor del pa\u00eds de la \u00e8tnia limbu (el primer pacient de \u201c<strong>Jannu Ferides<\/strong>\u201d es d\u2019aquesta \u00e8tnia i viu al peu d\u2019aquesta muntanya).&nbsp;<\/p>\n\n\n\n<p>La silueta de la muntanya, tan captivadora, i a la vegada tan dif\u00edcil, va ser el punt departida d\u2019aquest projecte. Malgrat sempre es problem\u00e0tic atrapar la forma d\u2019una muntanya en un disseny, hem volgut captar la seva ess\u00e8ncia en el logotip de \u201c<strong>Jannu Ferides<\/strong>\u201d<\/p>\n\n\n\n<p class=\"mb-0\">I els&nbsp;<strong>somriures&nbsp;<\/strong>es concretaren en les dotzenes de persones de totes les edats, \u00e8tnies i condici\u00f3 que, durant la expedici\u00f3, ens van acollir c\u00e0lidament i sempre amb alegria, tant en els refugis com a les poblacions o simplement a la vora del cam\u00ed.<\/p>\n<\/div>\n\n\n\n<div class=\"wp-block-uagb-container uagb-block-b51cc867\">\n<div class=\"wp-block-uagb-image uagb-block-545bea53 wp-block-uagb-image--layout-default wp-block-uagb-image--effect-static wp-block-uagb-image--align-none\"><figure class=\"wp-block-uagb-image__figure\"><img decoding=\"async\" srcset=\"https:\/\/jannu-ferides.nubwebinar.com\/wp-content\/uploads\/2025\/11\/mountain-new-300x203.jpg ,https:\/\/jannu-ferides.nubwebinar.com\/wp-content\/uploads\/2025\/11\/mountain-new.jpg 780w, https:\/\/jannu-ferides.nubwebinar.com\/wp-content\/uploads\/2025\/11\/mountain-new.jpg 360w\" sizes=\"auto, (max-width: 480px) 150px\" src=\"https:\/\/jannu-ferides.nubwebinar.com\/wp-content\/uploads\/2025\/11\/mountain-new-300x203.jpg\" alt=\"\" class=\"uag-image-364\" width=\"300\" height=\"203\" title=\"mountain-new\" loading=\"lazy\" role=\"img\"\/><\/figure><\/div>\n<\/div>\n<\/div>\n\n\n\n<div class=\"wp-block-uagb-container uagb-block-d60a91b8 alignfull uagb-is-root-container\"><div class=\"uagb-container__shape uagb-container__shape-bottom uagb-container__invert\" data-negative=\"false\"><svg xmlns=\"https:\/\/www.w3.org\/2000\/svg\" viewBox=\"0 0 2600 131.1\" preserveAspectRatio=\"none\"><path class=\"uagb-container__shape-fill\" d=\"M0 0L2600 0 2600 69.1 0 0z\"><\/path><path class=\"uagb-container__shape-fill\" opacity=\"0.5\" d=\"M0 0L2600 0 2600 69.1 0 69.1z\"><\/path><path class=\"uagb-container__shape-fill\" opacity=\"0.25\" d=\"M2600 0L0 0 0 130.1 2600 69.1z\"><\/path><\/svg><\/div>\n<div class=\"wp-block-uagb-container uagb-block-a789c136\">\n<div class=\"wp-block-uagb-image uagb-block-be39ab23 wp-block-uagb-image--layout-default wp-block-uagb-image--effect-static wp-block-uagb-image--align-none\"><figure class=\"wp-block-uagb-image__figure\"><img decoding=\"async\" srcset=\"https:\/\/jannu-ferides.org\/wp-content\/uploads\/2025\/10\/las-montanas-unen-4-300x225.jpg ,https:\/\/jannu-ferides.nubwebinar.com\/wp-content\/uploads\/2025\/10\/las-montanas-unen-4.jpg 780w, https:\/\/jannu-ferides.nubwebinar.com\/wp-content\/uploads\/2025\/10\/las-montanas-unen-4.jpg 360w\" sizes=\"auto, (max-width: 480px) 150px\" src=\"https:\/\/jannu-ferides.org\/wp-content\/uploads\/2025\/10\/las-montanas-unen-4-300x225.jpg\" alt=\"\" class=\"uag-image-213\" width=\"300\" height=\"225\" title=\"las-montanas-unen-4\" loading=\"lazy\" role=\"img\"\/><\/figure><\/div>\n<\/div>\n\n\n\n<div class=\"wp-block-uagb-container uagb-block-cb59530f\">\n<p class=\"mb-0\">Aquesta gran experi\u00e8ncia humana ja l\u2019hav\u00edem gaudit i conegut a&nbsp;<strong>Ladakh&nbsp;<\/strong>(Him\u00e0laia indi) i a la serralada&nbsp;<strong>Huayhuash<\/strong>&nbsp;(als Andes del Per\u00fa).<\/p>\n\n\n\n<p>Per\u00f2 la muntanya uneix encara m\u00e9s. Ho vam acabar d\u2019entendre quan a \u201c<strong>Muntanyes i somriures\u201d&nbsp;<\/strong>hi vam afegir \u201c<strong>Solidaritat<\/strong>\u201d.<\/p>\n\n\n\n<p>Les necessitats primordials de la gent del Nepal, i per extensi\u00f3 de tot el m\u00f3n, relacionades o no amb la muntanya, ens reclamaven i no pod\u00edem girar-nos d\u2019esquena.&nbsp;<\/p>\n\n\n\n<p class=\"mb-0\">A m\u00e9s del deute que mantinc amb la infermeria i la cura de ferides per tot el que m\u2019han donat en el decurs de gaireb\u00e9 45 anys d\u2019exercici professional, havia arribat l\u2019hora de retornar a la societat, a la muntanya, i sobre tot a la gent, tot el que ells&nbsp;&nbsp;m\u2019havien regalat durant tot aquest temps.<\/p>\n<\/div>\n\n\n\n<div class=\"wp-block-uagb-container uagb-block-d8bf8428\">\n<div class=\"wp-block-uagb-image uagb-block-88df4c7a wp-block-uagb-image--layout-default wp-block-uagb-image--effect-static wp-block-uagb-image--align-none\"><figure class=\"wp-block-uagb-image__figure\"><img decoding=\"async\" srcset=\"https:\/\/jannu-ferides.org\/wp-content\/uploads\/2025\/11\/las-montanas-unen-new-300x269.jpg ,https:\/\/jannu-ferides.nubwebinar.com\/wp-content\/uploads\/2025\/11\/las-montanas-unen-new.jpg 780w, https:\/\/jannu-ferides.nubwebinar.com\/wp-content\/uploads\/2025\/11\/las-montanas-unen-new.jpg 360w\" sizes=\"auto, (max-width: 480px) 150px\" src=\"https:\/\/jannu-ferides.org\/wp-content\/uploads\/2025\/11\/las-montanas-unen-new-300x269.jpg\" alt=\"\" class=\"uag-image-337\" width=\"300\" height=\"269\" title=\"las-montanas-unen-new\" loading=\"lazy\" role=\"img\"\/><\/figure><\/div>\n<\/div>\n<\/div>\n\n\n\n<div class=\"wp-block-uagb-container uagb-block-76748544 alignfull uagb-is-root-container\"><div class=\"uagb-container__shape uagb-container__shape-bottom uagb-container__invert\" data-negative=\"false\"><svg xmlns=\"https:\/\/www.w3.org\/2000\/svg\" viewBox=\"0 0 1000 100\" preserveAspectRatio=\"none\"><path class=\"uagb-container__shape-fill\" d=\"M421.9,6.5c22.6-2.5,51.5,0.4,75.5,5.3c23.6,4.9,70.9,23.5,100.5,35.7c75.8,32.2,133.7,44.5,192.6,49.7  c23.6,2.1,48.7,3.5,103.4-2.5c54.7-6,106.2-25.6,106.2-25.6V0H0v30.3c0,0,72,32.6,158.4,30.5c39.2-0.7,92.8-6.7,134-22.4  c21.2-8.1,52.2-18.2,79.7-24.2C399.3,7.9,411.6,7.5,421.9,6.5z\"><\/path><\/svg><\/div>\n<div class=\"wp-block-uagb-container uagb-block-e844fa8a\">\n<div class=\"wp-block-uagb-image uagb-block-7a4d703c wp-block-uagb-image--layout-default wp-block-uagb-image--effect-static wp-block-uagb-image--align-none\"><figure class=\"wp-block-uagb-image__figure\"><img decoding=\"async\" srcset=\"https:\/\/jannu-ferides.org\/wp-content\/uploads\/2025\/11\/las-montanas-unen-new2-300x237.jpg ,https:\/\/jannu-ferides.nubwebinar.com\/wp-content\/uploads\/2025\/11\/las-montanas-unen-new2.jpg 780w, https:\/\/jannu-ferides.nubwebinar.com\/wp-content\/uploads\/2025\/11\/las-montanas-unen-new2.jpg 360w\" sizes=\"auto, (max-width: 480px) 150px\" src=\"https:\/\/jannu-ferides.org\/wp-content\/uploads\/2025\/11\/las-montanas-unen-new2-300x237.jpg\" alt=\"\" class=\"uag-image-338\" width=\"350\" height=\"237\" title=\"las-montanas-unen-new2\" loading=\"lazy\" role=\"img\"\/><\/figure><\/div>\n<\/div>\n\n\n\n<div class=\"wp-block-uagb-container uagb-block-872ac0dd\">\n<p>Aix\u00ed va n\u00e9ixer \u201c<strong>Jannu Ferides<\/strong>\u201d, com la constataci\u00f3 de que les muntanyes uneixen als alpinistes, de la mateixa manera que la corda uneix i compromet a dos vells amics escaladors, i que en un exercici d\u2019amistat col\u00b7lectiva ha acabat per reunir a un entusiasta grup de persones en forma de projecte solidari internacional centrat en tenir cura dels que pateixen ferides en entorns amb escassos o nuls recursos; un projecte que intenta d\u2019afegir el seu gra de sorra, tal com asseguren els budistes de Nepal, a&nbsp;<strong><em>la mitigaci\u00f3 del dolor i a la compassi\u00f3 universal.<\/em><\/strong><\/p>\n\n\n\n<p>Aquest \u00e9s el \u201cCamp Base\u201d de&nbsp;<strong>\u201cJannu Ferides\u201d:&nbsp;<\/strong>una amistat de 40 anys,&nbsp;<strong>muntanyes, somriures<\/strong>&#8230; i&nbsp;<strong>solidarita<\/strong>t.&nbsp;<\/p>\n\n\n\n<p class=\"mb-4\">Afrontar un repte com \u201c<strong>Jannu Ferides<\/strong>\u201d \u00e9s molt dif\u00edcil i, segons algunes opinions, gaireb\u00e9 ut\u00f2pic. Per\u00f2 la muntanya ens ha ensenyat que, amb il\u00b7lusi\u00f3, solidaritat i sobre tot concentrant els esfor\u00e7os d\u2019un equip que tingui els objectius clars i concrets&#8230; podem conquerir qualsevol cim!<\/p>\n<\/div>\n\n\n\n<div class=\"wp-block-uagb-container uagb-block-0703702f\">\n<div class=\"wp-block-uagb-image uagb-block-158d8d89 wp-block-uagb-image--layout-default wp-block-uagb-image--effect-static wp-block-uagb-image--align-none\"><figure class=\"wp-block-uagb-image__figure\"><img decoding=\"async\" srcset=\"https:\/\/jannu-ferides.org\/wp-content\/uploads\/2025\/11\/image023-300x225.jpg ,https:\/\/jannu-ferides.nubwebinar.com\/wp-content\/uploads\/2025\/11\/image023.jpg 780w, https:\/\/jannu-ferides.nubwebinar.com\/wp-content\/uploads\/2025\/11\/image023.jpg 360w\" sizes=\"auto, (max-width: 480px) 150px\" src=\"https:\/\/jannu-ferides.org\/wp-content\/uploads\/2025\/11\/image023-300x225.jpg\" alt=\"\" class=\"uag-image-320\" width=\"300\" height=\"225\" title=\"image023\" loading=\"lazy\" role=\"img\"\/><\/figure><\/div>\n<\/div>\n<\/div>\n\n\n\n<div class=\"wp-block-uagb-container uagb-block-478ae61d alignfull uagb-is-root-container\"><div class=\"uagb-container__shape uagb-container__shape-bottom uagb-container__invert\" data-negative=\"false\"><svg xmlns=\"https:\/\/www.w3.org\/2000\/svg\" viewBox=\"0 0 1000 100\" preserveAspectRatio=\"none\"><path class=\"uagb-container__shape-fill\" d=\"M194,99c186.7,0.7,305-78.3,306-97.2c1,18.9,119.3,97.9,306,97.2c114.3-0.3,194,0.3,194,0.3s0-91.7,0-100c0,0,0,0,0-0 L0,0v99.3C0,99.3,79.7,98.7,194,99z\"><\/path><\/svg><\/div>\n<div class=\"wp-block-uagb-container uagb-block-e44d1511\">\n<p class=\"mb-4\">Recordeu un altre aforisme:&nbsp;<strong>La fe mou muntanyes.<\/strong><\/p>\n\n\n\n<p>Il\u00b7lusionats i amb l\u2019ajuda d\u2019un grup d\u2019entusiastes col\u00b7laboradors, ens hem proposat encetar aquesta llarga escalada. El nostre objectiu es lluny. Assolirem el cim quan la major quantitat possible de persones, principalment les m\u00e9s vulnerables, pugui rebre l\u2019adequada cura de les seves ferides. L\u2019ascensi\u00f3 ser\u00e0 aspre per\u00f2 de ben segur fascinant.<\/p>\n\n\n\n<p>Vols col\u00b7laborar amb nosaltres en aquesta llarga escalada?<\/p>\n\n\n\n<p class=\"mb-0\"><strong>Entre tots ho aconseguirem.<\/strong><\/p>\n<\/div>\n\n\n\n<div class=\"wp-block-uagb-container uagb-block-76b3c674\">\n<div class=\"wp-block-uagb-image uagb-block-0802358f wp-block-uagb-image--layout-default wp-block-uagb-image--effect-static wp-block-uagb-image--align-none\"><figure class=\"wp-block-uagb-image__figure\"><img decoding=\"async\" srcset=\"https:\/\/jannu-ferides.org\/wp-content\/uploads\/2025\/10\/las-montanas-unen-5-300x225.jpg ,https:\/\/jannu-ferides.nubwebinar.com\/wp-content\/uploads\/2025\/10\/las-montanas-unen-5.jpg 780w, https:\/\/jannu-ferides.nubwebinar.com\/wp-content\/uploads\/2025\/10\/las-montanas-unen-5.jpg 360w\" sizes=\"auto, (max-width: 480px) 150px\" src=\"https:\/\/jannu-ferides.org\/wp-content\/uploads\/2025\/10\/las-montanas-unen-5-300x225.jpg\" alt=\"\" class=\"uag-image-222\" width=\"300\" height=\"225\" title=\"las-montanas-unen-5\" loading=\"lazy\" role=\"img\"\/><\/figure><\/div>\n<\/div>\n<\/div>\n\n\n<style>\narticle figure img {\n  border-radius: 10px;\n  box-shadow: 0 2px 4px rgba(0,0,0,0.1);\n  border: 2px solid #014f2a;\n  transition: transform 0.2s ease-in-out, box-shadow 0.2s ease-in-out;\n  display: block;\n}\n\narticle figure img:hover {\n  transform: translateY(-2px);\n  box-shadow: 0 6px 12px rgba(0,0,0,0.2);\n}\n\n.lead-paragraph {\n  color: #014f2a;\n  font-size: 1.3rem !important;\n  line-height: 1.6;\n}\n\n.highlight-quote {\n  padding: 1.5rem;\n  background: rgba(1, 79, 42, 0.03);\n  border-left: 3px solid #014f2a;\n  border-radius: 5px;\n  margin: 1.5rem 0;\n  line-height: 1.7;\n}\n\n.mission-statement {\n  font-size: 1.1rem;\n  line-height: 1.8;\n  margin: 2rem 0;\n}\n\n.tagline {\n  font-size: 1.15rem;\n  color: #014f2a;\n  padding: 1rem;\n  background: rgba(1, 79, 42, 0.05);\n  border-radius: 5px;\n  margin: 1.5rem 0;\n}\n\n.quote-highlight {\n  font-size: 1.4rem;\n  color: #014f2a;\n  text-align: center;\n  margin: 2rem 0;\n  padding: 1rem 0;\n}\n\n.cta-question {\n  font-size: 1.2rem;\n  font-weight: 600;\n  color: #014f2a;\n  padding: 1rem;\n  background: rgba(1, 79, 42, 0.05);\n  border-radius: 5px;\n  text-align: center;\n}\n\n.section-divider {\n  margin: 2.5rem auto !important;\n  opacity: 0.5;\n}\n\n.entry-content strong {\n  color: #014f2a;\n  font-weight: 600;\n}\n\t\n.entry-content:not(:first-child), .entry-summary:not(:first-child), .page-content:not(:first-child) {\n  margin-top: 0 !important;\n}\n\n@media (max-width: 768px) {\n  article figure img {\n    margin-bottom: 1.5rem;\n  }\n  \n  .lead-paragraph {\n    font-size: 1.1rem !important;\n  }\n  \n  .highlight-quote {\n    padding: 1rem;\n  }\n  \n  .quote-highlight {\n    font-size: 1.2rem;\n  }\n  \n  .cta-question {\n    font-size: 1.1rem;\n  }\n}\n<\/style>\n","protected":false},"excerpt":{"rendered":"<p>Les montanyes ens uneixen Tots els projectes tenen un origen. En el cas de&nbsp;Jannu Ferides, una hist\u00f2ria d\u2019amistat&nbsp;i d\u2019amistats. Comencem per l\u2019amistat&#8230; El meu amic Jaume i jo vam comen\u00e7ar la nostra traject\u00f2ria alpin\u00edstica fa m\u00e9s de 40 anys i a l\u2019hora que escal\u00e0vem cims i descobr\u00edem paisatges, an\u00e0vem forjant una amistat s\u00f2lida i compromesa que, ara que ja som&#8230;<\/p>\n","protected":false},"author":4,"featured_media":0,"parent":0,"menu_order":0,"comment_status":"closed","ping_status":"closed","template":"","meta":{"_acf_changed":false,"_uag_custom_page_level_css":"","footnotes":""},"class_list":["post-970","page","type-page","status-publish"],"acf":[],"uagb_featured_image_src":{"full":false,"thumbnail":false,"medium":false,"medium_large":false,"large":false,"1536x1536":false,"2048x2048":false},"uagb_author_info":{"display_name":"Joan-Enric Torra Bou","author_link":"https:\/\/jannu-ferides.org\/ca\/author\/jetorrabouhotmail-com\/"},"uagb_comment_info":0,"uagb_excerpt":"Les montanyes ens uneixen Tots els projectes tenen un origen. En el cas de&nbsp;Jannu Ferides, una hist\u00f2ria d\u2019amistat&nbsp;i d\u2019amistats. Comencem per l\u2019amistat&#8230; El meu amic Jaume i jo vam comen\u00e7ar la nostra traject\u00f2ria alpin\u00edstica fa m\u00e9s de 40 anys i a l\u2019hora que escal\u00e0vem cims i descobr\u00edem paisatges, an\u00e0vem forjant una amistat s\u00f2lida i compromesa&hellip;","jetpack_sharing_enabled":true,"_links":{"self":[{"href":"https:\/\/jannu-ferides.org\/ca\/wp-json\/wp\/v2\/pages\/970","targetHints":{"allow":["GET"]}}],"collection":[{"href":"https:\/\/jannu-ferides.org\/ca\/wp-json\/wp\/v2\/pages"}],"about":[{"href":"https:\/\/jannu-ferides.org\/ca\/wp-json\/wp\/v2\/types\/page"}],"author":[{"embeddable":true,"href":"https:\/\/jannu-ferides.org\/ca\/wp-json\/wp\/v2\/users\/4"}],"replies":[{"embeddable":true,"href":"https:\/\/jannu-ferides.org\/ca\/wp-json\/wp\/v2\/comments?post=970"}],"version-history":[{"count":6,"href":"https:\/\/jannu-ferides.org\/ca\/wp-json\/wp\/v2\/pages\/970\/revisions"}],"predecessor-version":[{"id":1024,"href":"https:\/\/jannu-ferides.org\/ca\/wp-json\/wp\/v2\/pages\/970\/revisions\/1024"}],"wp:attachment":[{"href":"https:\/\/jannu-ferides.org\/ca\/wp-json\/wp\/v2\/media?parent=970"}],"curies":[{"name":"wp","href":"https:\/\/api.w.org\/{rel}","templated":true}]}}