{"id":73,"date":"2025-10-28T15:47:57","date_gmt":"2025-10-28T14:47:57","guid":{"rendered":"https:\/\/jannu-ferides.nubwebinar.com\/inici\/"},"modified":"2026-01-02T10:55:00","modified_gmt":"2026-01-02T09:55:00","slug":"inici","status":"publish","type":"page","link":"https:\/\/jannu-ferides.org\/ca\/","title":{"rendered":"Inici"},"content":{"rendered":"\n\n\n\n<div class=\"wp-block-uagb-container uagb-layout-flex uagb-block-5bc40c89 alignfull uagb-is-root-container\"><div class=\"uagb-container__shape uagb-container__shape-bottom uagb-container__invert\" data-negative=\"false\"><svg xmlns=\"https:\/\/www.w3.org\/2000\/svg\" viewBox=\"0 0 2600 131.1\" preserveAspectRatio=\"none\"><path class=\"uagb-container__shape-fill\" d=\"M0 0L2600 0 2600 69.1 0 0z\"><\/path><path class=\"uagb-container__shape-fill\" opacity=\"0.5\" d=\"M0 0L2600 0 2600 69.1 0 69.1z\"><\/path><path class=\"uagb-container__shape-fill\" opacity=\"0.25\" d=\"M2600 0L0 0 0 130.1 2600 69.1z\"><\/path><\/svg><\/div>\n<p class=\"px-5 mb-0 pt-5 pb-3 has-base-3-color has-text-color has-link-color wp-elements-d71b89023d3457a45b00590107a24922\" style=\"font-size:16px\">La nostra missi\u00f3 \u00e9s donar suport a les persones amb ferides, siguin qui siguin i estiguin on estiguin, perqu\u00e8 puguin mantenir i recuperar la seva salut, autonomia i dignitat, especialment en entorns amb recursos econ\u00f2mics limitats o sistemes sanitaris poc desenvolupats.<\/p>\n\n\n\n<p class=\"px-5 mb-0 pb-0 has-base-3-color has-text-color has-link-color wp-elements-fe5c7a374d9ac6a3af32a84a5bb2e553\" style=\"font-size:16px\"><strong><em>&#8220;El futur (en l&#8217;atenci\u00f3 a les persones amb ferides arreu del m\u00f3n) no \u00e9s el que passar\u00e0, sin\u00f3 el que farem (junts).&#8221;<\/em><\/strong><\/p>\n\n\n\n<p class=\"px-5 pt-0 pb-5 has-base-3-color has-text-color has-link-color has-small-font-size wp-elements-ae88ac030fc272d0d78b991128e57947\">adaptat de: <strong>Jorge Luis Borges<\/strong><\/p>\n<\/div>\n\n\n\n<div data-aos= \"fade\" data-aos-duration=\"400\" data-aos-delay=\"0\" data-aos-easing=\"ease\" data-aos-once=\"true\" class=\"wp-block-uagb-container uagb-block-178cf4f6 alignfull uagb-is-root-container\"><div class=\"uagb-container-inner-blocks-wrap\">\n<div class=\"wp-block-columns my-3 is-layout-flex wp-container-core-columns-is-layout-9d6595d7 wp-block-columns-is-layout-flex\">\n<div class=\"wp-block-column is-vertically-aligned-center is-layout-flow wp-block-column-is-layout-flow\"><div class=\"wp-block-image\">\n<figure class=\"aligncenter size-medium\"><img loading=\"lazy\" decoding=\"async\" width=\"300\" height=\"300\" src=\"https:\/\/jannu-ferides.org\/wp-content\/uploads\/2025\/10\/cropped-logo_jannu-300x300.png\" alt=\"\" class=\"wp-image-40\" srcset=\"https:\/\/jannu-ferides.org\/wp-content\/uploads\/2025\/10\/cropped-logo_jannu-300x300.png 300w, https:\/\/jannu-ferides.org\/wp-content\/uploads\/2025\/10\/cropped-logo_jannu-150x150.png 150w, https:\/\/jannu-ferides.org\/wp-content\/uploads\/2025\/10\/cropped-logo_jannu-270x270.png 270w, https:\/\/jannu-ferides.org\/wp-content\/uploads\/2025\/10\/cropped-logo_jannu-192x192.png 192w, https:\/\/jannu-ferides.org\/wp-content\/uploads\/2025\/10\/cropped-logo_jannu-180x180.png 180w, https:\/\/jannu-ferides.org\/wp-content\/uploads\/2025\/10\/cropped-logo_jannu-32x32.png 32w, https:\/\/jannu-ferides.org\/wp-content\/uploads\/2025\/10\/cropped-logo_jannu.png 512w\" sizes=\"auto, (max-width: 300px) 100vw, 300px\" \/><\/figure>\n<\/div><\/div>\n\n\n\n<div class=\"wp-block-column is-vertically-aligned-center is-layout-flow wp-block-column-is-layout-flow\">\n<p class=\"has-text-align-center mb-2 mx-5 mx-md-0 has-accent-color has-text-color has-link-color has-large-font-size wp-elements-ea3158e2ab0b6d41d6321686c581d1c3\">Qui som<\/p>\n\n\n\n<p class=\"has-text-align-center mx-5 mx-md-0\" style=\"font-size:16px\"><strong>Jannu Ferides<\/strong> \u00e9s una associaci\u00f3 interdisciplin\u00e0ria, independent i sense \u00e0nim de lucre fundada per un grup d\u2019infermeres de diferents pa\u00efsos. El seu objectiu fundacional, en l\u00ednia amb la\u00a0<a href=\"https:\/\/ewma.org\/2025conference\/barcelona-declaration\/\"><strong>Declaraci\u00f3 de Barcelona sobre l\u2019atenci\u00f3 a les ferides signada per l\u2019European Wound Management Association (EWMA), el Grupo Nacional para el Estudio y Asesoramiento en \u00dalceras por Presi\u00f3n y Heridas Cr\u00f3nicas\u00a0\u00a0(GNEAUPP) i la Sociedad Espa\u00f1ola de Heridas (SEH)<\/strong><\/a>, que defineix\u00a0<strong>l\u2019acc\u00e9s a l\u2019atenci\u00f3 de les ferides com un dret fonamental,<\/strong>\u00a0ajudant qualsevol persona d\u2019arreu del m\u00f3n, especialment en entorns sanitaris de baixos ingressos o poc desenvolupats, a tenir acc\u00e9s a una atenci\u00f3 de les ferides i a la integritat de la pell segura, efica\u00e7 i equitativa, basada en les millors proves cient\u00edfiques i tecnol\u00f2giques disponibles.<\/p>\n\n\n\n<div class=\"wp-block-buttons mx-5 mx-md-0 is-content-justification-center is-layout-flex wp-container-core-buttons-is-layout-16018d1d wp-block-buttons-is-layout-flex\">\n<div class=\"wp-block-button is-style-fill\"><a class=\"wp-block-button__link has-text-align-center wp-element-button\" href=\"https:\/\/jannu-ferides.org\/ca\/qui-som\/\" style=\"border-radius:5px\" target=\"_blank\" rel=\"noreferrer noopener\">M\u00e9s informaci\u00f3<\/a><\/div>\n<\/div>\n<\/div>\n\n\n\n<div class=\"wp-block-column is-vertically-aligned-center is-layout-flow wp-block-column-is-layout-flow\">\n<figure class=\"wp-block-image size-full pr-5 pl-5 pl-md-0\"><img loading=\"lazy\" decoding=\"async\" width=\"2560\" height=\"1920\" src=\"https:\/\/jannu-ferides.org\/wp-content\/uploads\/2025\/11\/IMG_7022-scaled.jpeg\" alt=\"\" class=\"wp-image-326\" srcset=\"https:\/\/jannu-ferides.org\/wp-content\/uploads\/2025\/11\/IMG_7022-scaled.jpeg 2560w, https:\/\/jannu-ferides.org\/wp-content\/uploads\/2025\/11\/IMG_7022-300x225.jpeg 300w, https:\/\/jannu-ferides.org\/wp-content\/uploads\/2025\/11\/IMG_7022-1024x768.jpeg 1024w, https:\/\/jannu-ferides.org\/wp-content\/uploads\/2025\/11\/IMG_7022-768x576.jpeg 768w, https:\/\/jannu-ferides.org\/wp-content\/uploads\/2025\/11\/IMG_7022-1536x1152.jpeg 1536w, https:\/\/jannu-ferides.org\/wp-content\/uploads\/2025\/11\/IMG_7022-2048x1536.jpeg 2048w\" sizes=\"auto, (max-width: 2560px) 100vw, 2560px\" \/><\/figure>\n<\/div>\n<\/div>\n<\/div><\/div>\n\n\n\n<div class=\"wp-block-uagb-container uagb-block-3a5d8615 alignfull uagb-is-root-container\">\n<div class=\"wp-block-uagb-container uagb-block-83889eeb\">\n<p class=\"has-text-align-left pl-5 mb-0 has-base-3-color has-text-color has-link-color wp-elements-ffac2168115c7d9df4752d7eb8c286ac\" style=\"font-size:36px\"><strong>Vull col\u00b7laborar amb Jannu Ferides<\/strong><\/p>\n\n\n\n<p class=\"has-text-align-left pl-5 mb-0 has-base-3-color has-text-color has-link-color wp-elements-f7b9c12099bd935b12b81884958991d2\" style=\"font-size:16px\">Necessitem la teva col\u00b7laboraci\u00f3 per poder fer realitat els nostres projectes. Moltes gotetes d\u2019aigua ajuden a formar un rierol, i esperem que ben aviat esdevingui un riu que contribueixi a estendre el comprom\u00eds i la solidaritat amb les persones que menys tenen.<\/p>\n<\/div>\n\n\n\n<div class=\"wp-block-uagb-container uagb-block-d434311e\">\n<div class=\"wp-block-buttons is-content-justification-center is-layout-flex wp-container-core-buttons-is-layout-16018d1d wp-block-buttons-is-layout-flex\">\n<div class=\"wp-block-button\"><a class=\"wp-block-button__link has-accent-color has-base-3-background-color has-text-color has-background has-link-color has-text-align-center wp-element-button\" href=\"https:\/\/jannu-ferides.org\/ca\/magradaria-collaborar-amb-jannu-ferides\/\" style=\"border-radius:10px\" target=\"_blank\" rel=\"noreferrer noopener\">ACCEDIR<\/a><\/div>\n<\/div>\n<\/div>\n<\/div>\n\n\n\n<p><\/p>\n","protected":false},"excerpt":{"rendered":"<p>La nostra missi\u00f3 \u00e9s donar suport a les persones amb ferides, siguin qui siguin i estiguin on estiguin, perqu\u00e8 puguin mantenir i recuperar la seva salut, autonomia i dignitat, especialment en entorns amb recursos econ\u00f2mics limitats o sistemes sanitaris poc desenvolupats. &#8220;El futur (en l&#8217;atenci\u00f3 a les persones amb ferides arreu del m\u00f3n) no \u00e9s el que passar\u00e0, sin\u00f3 el&#8230;<\/p>\n","protected":false},"author":1,"featured_media":0,"parent":0,"menu_order":0,"comment_status":"closed","ping_status":"closed","template":"","meta":{"_acf_changed":false,"_uag_custom_page_level_css":"","footnotes":""},"class_list":["post-73","page","type-page","status-publish"],"acf":[],"uagb_featured_image_src":{"full":false,"thumbnail":false,"medium":false,"medium_large":false,"large":false,"1536x1536":false,"2048x2048":false},"uagb_author_info":{"display_name":"admin-jannu","author_link":"https:\/\/jannu-ferides.org\/ca\/author\/admin-jannu\/"},"uagb_comment_info":0,"uagb_excerpt":"La nostra missi\u00f3 \u00e9s donar suport a les persones amb ferides, siguin qui siguin i estiguin on estiguin, perqu\u00e8 puguin mantenir i recuperar la seva salut, autonomia i dignitat, especialment en entorns amb recursos econ\u00f2mics limitats o sistemes sanitaris poc desenvolupats. &#8220;El futur (en l&#8217;atenci\u00f3 a les persones amb ferides arreu del m\u00f3n) no \u00e9s&hellip;","jetpack_sharing_enabled":true,"_links":{"self":[{"href":"https:\/\/jannu-ferides.org\/ca\/wp-json\/wp\/v2\/pages\/73","targetHints":{"allow":["GET"]}}],"collection":[{"href":"https:\/\/jannu-ferides.org\/ca\/wp-json\/wp\/v2\/pages"}],"about":[{"href":"https:\/\/jannu-ferides.org\/ca\/wp-json\/wp\/v2\/types\/page"}],"author":[{"embeddable":true,"href":"https:\/\/jannu-ferides.org\/ca\/wp-json\/wp\/v2\/users\/1"}],"replies":[{"embeddable":true,"href":"https:\/\/jannu-ferides.org\/ca\/wp-json\/wp\/v2\/comments?post=73"}],"version-history":[{"count":13,"href":"https:\/\/jannu-ferides.org\/ca\/wp-json\/wp\/v2\/pages\/73\/revisions"}],"predecessor-version":[{"id":1284,"href":"https:\/\/jannu-ferides.org\/ca\/wp-json\/wp\/v2\/pages\/73\/revisions\/1284"}],"wp:attachment":[{"href":"https:\/\/jannu-ferides.org\/ca\/wp-json\/wp\/v2\/media?parent=73"}],"curies":[{"name":"wp","href":"https:\/\/api.w.org\/{rel}","templated":true}]}}