{"id":1318,"date":"2025-12-03T12:05:42","date_gmt":"2025-12-03T11:05:42","guid":{"rendered":"https:\/\/jannu-ferides.org\/?page_id=1318"},"modified":"2026-01-09T10:16:16","modified_gmt":"2026-01-09T09:16:16","slug":"termes-i-condicions","status":"publish","type":"page","link":"https:\/\/jannu-ferides.org\/ca\/termes-i-condicions\/","title":{"rendered":"Termes i condicions"},"content":{"rendered":"\n<h5><strong>Associaci\u00f3 Jannu Ferides<\/strong><\/h5>\n\n<p>L&#8217;\u00fas d&#8217;aquest lloc web www.jannu-ferides.org implica l&#8217;acceptaci\u00f3 d&#8217;aquests termes. Si no esteu d&#8217;acord amb ells, us preguem que no utilitzeu aquest lloc web.<\/p>\n\n<p>En compliment de l&#8217;article 10 de la Llei 34\/2002, d&#8217;11 de juliol, de Serveis de la Societat de la Informaci\u00f3 i del Comer\u00e7 Electr\u00f2nic (LSSICE), Associaci\u00f3 Jannu Ferides, Responsable d&#8217;aquesta p\u00e0gina web, posa a disposici\u00f3 dels Usuaris aquesta informaci\u00f3, per definir les Condicions d&#8217;\u00fas.<\/p>\n\n<p>Adicionalment als continguts aqu\u00ed exposats, els aspectes espec\u00edfics relacionats amb la protecci\u00f3 de les dades personals i la privadesa dels usuaris d&#8217;aquesta web es desenvolupen a la p\u00e0gina de Pol\u00edtica de Privadesa.<\/p>\n\n<p>El present Av\u00eds Legal regula l&#8217;\u00fas del lloc web www.jannu-ferides.org sent el seu titular Associaci\u00f3 Jannu Ferides amb CIF G22757686.<\/p>\n\n<h5><strong>Responsable del tractament de les vostres dades personals<\/strong><\/h5>\n\n<p>Identitat del Responsable: Associaci\u00f3 Jannu Ferides<\/p>\n<p>C.I.F.: G22757686<\/p>\n<p>Correu electr\u00f2nic: info@jannu-ferides.org<\/p>\n<p>Direcci\u00f3: Violant d\u2019Hongria Reina d\u2019Arag\u00f3, 107 08028 Barcelona<\/p>\n<p>Tel\u00e8fon: 934161220<\/p>\n<p>Web: www.jannu-ferides.org<\/p>\n\n<h5><strong>Identificaci\u00f3 Delegat Protecci\u00f3 de Dades<\/strong><\/h5>\n\n<p><strong>Correu electr\u00f2nic:<\/strong> dpd@audiconsecurity.com<\/p>\n\n<p>Associaci\u00f3 Jannu Ferides est\u00e0 constitu\u00efda en relaci\u00f3 amb la protecci\u00f3 de dades d&#8217;acord amb els requisits de la legislaci\u00f3 vigent:<\/p>\n\n<ul>\n<li><p>Normativa Europea RGPD 2016\/679 respecte al tractament de Dades Personals.<\/p><\/li>\n<li><p>Llei Org\u00e0nica 3\/2018 LOPD-GDD de Protecci\u00f3 de Dades Personals i garantia de Drets Digitals.<\/p><\/li>\n<li><p>Llei de Serveis de la Societat de la Informaci\u00f3 i Comer\u00e7 Electr\u00f2nic, LSSICE.<\/p><\/li>\n<\/ul>\n\n<p>En compliment del que disposen el Reglament Europeu 2016\/679 de Protecci\u00f3 de Dades de Car\u00e0cter Personal, RGPD, i la Llei Org\u00e0nica 3\/2018, LOPD-GDD, l\u2019Associaci\u00f3 Jannu Ferides l\u2019informa que les dades de car\u00e0cter personal que ens faciliti a trav\u00e9s del nostre formulari de contacte a la nostra p\u00e0gina web es recolliran a les nostres bases de dades, sent-ne responsable l\u2019Associaci\u00f3 Jannu Ferides.<\/p>\n\n<p>Podr\u00e0 exercir els seus drets d\u2019acc\u00e9s, rectificaci\u00f3, portabilitat i supressi\u00f3 de les seves dades, aix\u00ed com els de limitaci\u00f3 i oposici\u00f3 al seu tractament, en els termes i condicions previstos a la normativa legal vigent, adre\u00e7ant-se per escrit a l\u2019Associaci\u00f3 Jannu Ferides, situada a Violant d\u2019Hongria Reina d\u2019Arag\u00f3, 107, 08028, Barcelona, o b\u00e9, si ho prefereix, mitjan\u00e7ant un correu electr\u00f2nic a info@jannu-ferides.org.<\/p>\n\n<p>De conformitat amb l\u2019article 32 del RGPD i amb el marc normatiu general de protecci\u00f3 de dades, l\u2019Associaci\u00f3 Jannu Ferides ha adoptat les mesures de seguretat t\u00e8cniques, organitzatives i de control proactiu necess\u00e0ries. Tot aix\u00f2, en funci\u00f3 de l\u2019an\u00e0lisi pr\u00e8via del risc de les operacions de tractament realitzades.<\/p>\n\n<p>L\u2019Associaci\u00f3 Jannu Ferides es compromet a portar un registre de les activitats de tractament, tal com es disposa a l\u2019article 30.2 del RGPD.<\/p>\n\n<p>Li preguem que comuniqui immediatament a l\u2019Associaci\u00f3 Jannu Ferides qualsevol modificaci\u00f3 de les seves dades de car\u00e0cter personal, perqu\u00e8 la informaci\u00f3 que contenen els nostres fitxers estigui sempre actualitzada i no contingui errors.<\/p>\n\n<p>Aix\u00ed mateix, amb l\u2019acceptaci\u00f3 d\u2019aquest Av\u00eds Legal reconeix que la informaci\u00f3 i les dades personals recollides s\u00f3n exactes i veraces. La recollida de les seves dades de car\u00e0cter personal es realitza amb la finalitat de prestar els serveis sol\u00b7licitats i d\u2019enviar-li informaci\u00f3 sobre l\u2019entitat o ofertes comercials d\u2019altres productes i serveis, avisos i, en general, informaci\u00f3 de l\u2019Associaci\u00f3 Jannu Ferides que pugui ser del seu inter\u00e8s. De conformitat amb el que preveu la normativa vigent, en emplenar qualsevol dels formularis que apareixen a la nostra p\u00e0gina web, dona el seu consentiment perqu\u00e8 les seves dades siguin tractades amb la finalitat d\u2019adre\u00e7ar-li informaci\u00f3, sempre dins l\u2019\u00e0mbit de les funcions leg\u00edtimes del cedent i del cessionari.<\/p>\n\n<p>Tamb\u00e9 autoritza l\u2019Associaci\u00f3 Jannu Ferides perqu\u00e8 li pugui remetre comunicacions comercials a trav\u00e9s del correu electr\u00f2nic o de qualsevol altre mitj\u00e0 de comunicaci\u00f3 electr\u00f2nica equivalent. Les autoritzacions per a l\u2019enviament d\u2019informaci\u00f3 comercial, la cessi\u00f3 de dades i l\u2019enviament de comunicacions comercials per mitjans electr\u00f2nics seran revocables en qualsevol moment, mitjan\u00e7ant una comunicaci\u00f3 escrita adre\u00e7ada a l\u2019Associaci\u00f3 Jannu Ferides a l\u2019adre\u00e7a anteriorment indicada, en la qual haur\u00e0 d\u2019indicar les dades seg\u00fcents per a la seva identificaci\u00f3: nom i adre\u00e7a.<\/p>\n\n<p>L\u2019Associaci\u00f3 Jannu Ferides es compromet a tractar de manera absolutament confidencial les seves dades de car\u00e0cter personal i a utilitzar-les \u00fanicament per a les finalitats indicades.<\/p>\n\n<p>L\u2019Associaci\u00f3 Jannu Ferides informa que procedir\u00e0 a tractar les dades de manera l\u00edcita, lleial, transparent, adequada, pertinent, limitada, exacta i actualitzada. \u00c9s per aix\u00f2 que l\u2019Associaci\u00f3 Jannu Ferides es compromet a adoptar totes les mesures raonables perqu\u00e8 aquestes dades siguin suprimides o rectificades sense dilaci\u00f3 quan siguin inexactes.<\/p>\n\n<p>Aix\u00ed mateix, l\u2019informem que l\u2019Associaci\u00f3 Jannu Ferides t\u00e9 implantades les mesures t\u00e8cniques i organitzatives necess\u00e0ries per garantir la seguretat de les seves dades de car\u00e0cter personal i evitar-ne l\u2019alteraci\u00f3, la p\u00e8rdua i el tractament i\/o acc\u00e9s no autoritzat, tenint en compte l\u2019estat de la tecnologia, la naturalesa de les dades emmagatzemades i els riscos als quals estan exposades, provinents de l\u2019acci\u00f3 humana o del medi f\u00edsic i natural.<\/p>\n\n<h5><strong>Contingut, termes legals i responsabilitats.<\/strong><\/h5>\n\n<p>El lloc web inclou continguts elaborats pel seu titular i els seus col\u00b7laboradors, els quals tenen finalitats merament informatives, ja que en alguna ocasi\u00f3 aquests podrien no reflectir l\u2019actualitat m\u00e9s recent. Per aquest motiu, aquests continguts podran ser modificats i\/o substitu\u00efts per uns de nous en qualsevol moment, sense notificaci\u00f3 pr\u00e8via ni cap responsabilitat.<\/p>\n\n<p>Els continguts del lloc web no poden ser considerats, en cap cas, com a substitutius de cap mena d\u2019assessorament. No existir\u00e0 cap mena de relaci\u00f3 comercial, professional ni de cap altra \u00edndole amb els professionals que integren el lloc web pel mer fet de l\u2019acc\u00e9s dels usuaris al mateix.<\/p>\n\n<p>En el cas que existeixin enlla\u00e7os a diferents llocs web, l\u2019Associaci\u00f3 Jannu Ferides no es far\u00e0 responsable del seu contingut, at\u00e8s que no en t\u00e9 cap control.<\/p>\n\n<p>L\u2019usuari, quan accedeix al lloc web, ho fa pel seu propi compte i risc. L\u2019Associaci\u00f3 Jannu Ferides no garanteix ni la rapidesa, ni la continu\u00eftat, ni l\u2019abs\u00e8ncia de virus al lloc web. Aix\u00ed mateix, el titular del lloc web, els col\u00b7laboradors, els seus socis, empleats i representants tampoc no podran ser considerats responsables de qualsevol dany derivat de l\u2019\u00fas d\u2019aquest lloc web ni de qualsevol actuaci\u00f3 realitzada sobre la base de la informaci\u00f3 que s\u2019hi facilita.<\/p>\n\n<p>No es garanteix l\u2019abs\u00e8ncia de virus o altres elements nocius que puguin causar danys o alteracions en el sistema inform\u00e0tic, en els documents electr\u00f2nics o en els fitxers de l\u2019usuari d\u2019aquest lloc web. En conseq\u00fc\u00e8ncia, no es respon dels danys i perjudicis que aquests elements puguin ocasionar a l\u2019usuari o a tercers.<\/p>\n\n<h5><strong>Modificacions<\/strong><\/h5>\n\n<p>L\u2019Associaci\u00f3 Jannu Ferides es reserva el dret de realitzar les modificacions que consideri oportunes, sense av\u00eds previ, en el contingut del seu lloc web, tant pel que fa als continguts del lloc web com a les condicions d\u2019\u00fas del mateix. Aquestes modificacions es podran dur a terme a trav\u00e9s del seu lloc web per qualsevol forma admissible en dret i seran d\u2019obligat compliment durant el temps que es trobin publicades al web i fins que no siguin modificades v\u00e0lidament per altres de posteriors.<\/p>\n\n<h5><strong>Marques<\/strong><\/h5>\n\n<p>A l\u2019Associaci\u00f3 Jannu Ferides es poden mencionar de manera indirecta i a nivell informatiu alguns termes i logotips que constitueixen marques registrades pels seus respectius propietaris, no fent-nos responsables de l\u2019\u00fas inadequat que terceres persones puguin fer d\u2019aquestes marques.<\/p>\n\n<h5><strong>Usuari i r\u00e8gim de responsabilitats<\/strong><\/h5>\n\n<p>L\u2019\u00fas d\u2019aquesta p\u00e0gina web li atribueix la condici\u00f3 d\u2019usuari de la mateixa. Es recomana a l\u2019usuari que llegeixi amb atenci\u00f3 i deteniment les condicions i instruccions publicades cada vegada que accedeixi a aquesta p\u00e0gina web, at\u00e8s que l\u2019acc\u00e9s implica la seva lectura i acceptaci\u00f3. Mitjan\u00e7ant l\u2019acc\u00e9s i \u00fas de www.jannu-ferides.org o qualsevol de les seves p\u00e0gines i subdominis, l\u2019usuari manifesta el seu acord de manera expressa, plena i sense reserves amb les condicions i instruccions publicades a l\u2019av\u00eds legal en el moment de l\u2019acc\u00e9s, sense perjudici de l\u2019aplicaci\u00f3 de la normativa corresponent de compliment legal obligatori segons el cas.<\/p>\n\n<p>El lloc web de l\u2019Associaci\u00f3 Jannu Ferides proporciona una gran diversitat d\u2019informaci\u00f3, serveis i dades. L\u2019usuari assumeix la seva responsabilitat en l\u2019\u00fas correcte del lloc web. Aquesta responsabilitat s\u2019estendr\u00e0 a:<\/p>\n\n<ul>\n<li><p>La veracitat i licitud de les informacions aportades per l\u2019usuari als formularis facilitats per l\u2019Associaci\u00f3 Jannu Ferides per a l\u2019acc\u00e9s a determinats continguts o serveis oferts pel web.<\/p><\/li>\n<li><p>L\u2019\u00fas de la informaci\u00f3, serveis i dades oferts per l\u2019Associaci\u00f3 Jannu Ferides de manera contr\u00e0ria al que disposen les presents condicions, la llei, la moral, els bons costums o l\u2019ordre p\u00fablic, o que de qualsevol altra manera puguin suposar una vulneraci\u00f3 dels drets de tercers o del mateix funcionament del lloc web.<\/p><\/li>\n<\/ul>\n\n<p>Qualsevol utilitzaci\u00f3 diferent de l\u2019autoritzada queda expressament prohibida, restant l\u2019Associaci\u00f3 Jannu Ferides facultada per denegar o retirar l\u2019acc\u00e9s i l\u2019\u00fas del web, en qualsevol moment i sense av\u00eds previ, a aquells usuaris que incompleixin aquestes condicions generals.<\/p>\n\n<p>Es podr\u00e0 adre\u00e7ar a l\u2019Autoritat de Control competent per presentar la reclamaci\u00f3 que consideri oportuna.<\/p>\n\n<h5><strong>Menors d\u2019edat.<\/strong><\/h5>\n\n<p>Per a l\u2019\u00fas dels serveis, els menors d\u2019edat han d\u2019obtenir sempre pr\u00e8viament el consentiment dels pares, tutors o representants legals, responsables \u00faltims de tots els actes realitzats pels menors al seu c\u00e0rrec. La responsabilitat en la determinaci\u00f3 dels continguts concrets als quals accedeixen els menors correspon a aquests; \u00e9s per aix\u00f2 que, si accedeixen a continguts no apropiats per a Internet, s\u2019hauran d\u2019establir als seus ordinadors mecanismes, en particular programes inform\u00e0tics, filtres i bloquejos, que permetin limitar els continguts disponibles i que, encara que no siguin infal\u00b7libles, s\u00f3n d\u2019especial utilitat per controlar i restringir els materials als quals poden accedir els menors.<\/p>\n\n<h5><strong>Propietat intel\u00b7lectual, normativa i f\u00f2rum<\/strong><\/h5>\n\n<p>El lloc web, incloent-hi a t\u00edtol enunciatiu per\u00f2 no limitatiu la seva programaci\u00f3, edici\u00f3, compilaci\u00f3 i la resta d\u2019elements necessaris per al seu funcionament, aix\u00ed com els dissenys, logotips, textos i\/o gr\u00e0fics, s\u00f3n propietat de l\u2019Associaci\u00f3 Jannu Ferides o, si escau, disposa de llic\u00e8ncia o autoritzaci\u00f3 expressa per part dels autors.<\/p>\n\n<p>Tots els continguts del lloc web es troben degudament protegits per la normativa de propietat intel\u00b7lectual i industrial, aix\u00ed com inscrits als registres p\u00fablics corresponents, i no es permet la reproducci\u00f3 i\/o publicaci\u00f3, total o parcial, del lloc web, ni el seu tractament inform\u00e0tic, distribuci\u00f3, difusi\u00f3, modificaci\u00f3 o transformaci\u00f3, sense el perm\u00eds previ i per escrit del mateix.<\/p>\n\n<p>Els dissenys, logotips, textos i\/o gr\u00e0fics aliens a l\u2019Associaci\u00f3 Jannu Ferides que puguin apar\u00e8ixer al lloc web pertanyen als seus respectius propietaris, sent aquests mateixos responsables de qualsevol possible controv\u00e8rsia que es pugui suscitar en relaci\u00f3 amb aquests. En tot cas, l\u2019Associaci\u00f3 Jannu Ferides compta amb l\u2019autoritzaci\u00f3 expressa i pr\u00e8via per part dels mateixos. L\u2019Associaci\u00f3 Jannu Ferides reconeix a favor dels seus titulars els corresponents drets de propietat intel\u00b7lectual, no implicant la seva mera menci\u00f3 o aparici\u00f3 al lloc web l\u2019exist\u00e8ncia de cap dret o responsabilitat del prestador sobre els mateixos, ni tampoc suport, patrocini o recomanaci\u00f3 per part d\u2019aquest.<\/p>\n\n<p>L\u2019usuari pot utilitzar el material que aparegui en aquest lloc web per al seu \u00fas personal i privat, restant prohibit el seu \u00fas amb finalitats comercials. L\u2019Associaci\u00f3 Jannu Ferides vetllar\u00e0 pel compliment de les condicions anteriors, aix\u00ed com per la correcta utilitzaci\u00f3 dels continguts presentats a les seves p\u00e0gines web, exercint totes les accions civils i penals que li puguin correspondre en el cas d\u2019infracci\u00f3 o incompliment d\u2019aquests drets per part de l\u2019usuari.<\/p>\n\n<h5><strong>Accions legals, legislaci\u00f3 aplicable i jurisdicci\u00f3<\/strong><\/h5>\n\n<p>Les presents condicions d\u2019\u00fas es regeixen per la legislaci\u00f3 espanyola, essent competents els jutjats i tribunals de la ciutat de l\u2019Associaci\u00f3 Jannu Ferides per con\u00e8ixer de totes les q\u00fcestions que es puguin suscitar sobre la interpretaci\u00f3, aplicaci\u00f3 i compliment de les mateixes. Els usuaris, en virtut de la seva acceptaci\u00f3 de les condicions generals recollides en aquest Av\u00eds Legal, renuncien expressament a qualsevol fur que, per aplicaci\u00f3 de la Llei d\u2019enjudiciament civil vigent, els pugui correspondre.<\/p>\n\n<p>L\u2019Associaci\u00f3 Jannu Ferides es reserva, aix\u00ed mateix, la facultat d\u2019exercir les accions civils o penals que consideri oportunes per la utilitzaci\u00f3 indeguda del seu lloc web i continguts, o per l\u2019incompliment de les presents condicions.<\/p>\n\n<p>La relaci\u00f3 entre l\u2019usuari i el prestador es regir\u00e0 per la normativa vigent i aplicable al territori espanyol. En cas que sorgeixi qualsevol controv\u00e8rsia, les parts podran sotmetre els seus conflictes a arbitratge o acudir a la jurisdicci\u00f3 ordin\u00e0ria complint amb les normes sobre jurisdicci\u00f3 i compet\u00e8ncia corresponents. L\u2019Associaci\u00f3 Jannu Ferides t\u00e9 el seu domicili a Barcelona, Espanya.<\/p>\n\n<p>Les dades de car\u00e0cter personal que ens ha facilitat de manera volunt\u00e0ria seran incorporades a un fitxer del qual \u00e9s titular l\u2019Associaci\u00f3 Jannu Ferides, que s\u2019utilitzar\u00e0 per gestionar la seva subscripci\u00f3 al nostre butllet\u00ed, a trav\u00e9s del qual el mantindrem informat dels productes, novetats, sortejos, serveis, esdeveniments i promocions de l\u2019Associaci\u00f3 Jannu Ferides, amb domicili a Violant d\u2019Hongria Reina d\u2019Arag\u00f3, 107, 08028, Barcelona, i correu electr\u00f2nic info@jannu-ferides.org, aix\u00ed com per a la gesti\u00f3 de la seva inscripci\u00f3 i participaci\u00f3 en sortejos, concursos o esdeveniments als quals sol\u00b7liciti participar.<\/p>\n\n<h5><strong>Subscripcions al butllet\u00ed de not\u00edcies<\/strong><\/h5>\n\n<p>Nom\u00e9s podran prestar el seu consentiment les persones majors de 16 anys.<\/p>\n\n<p>Les dades personals facilitades es conservaran fins que la persona interessada sol\u00b7liciti la seva supressi\u00f3 o revoqui el seu consentiment.<\/p>\n\n<p>La base legal per al tractament de les seves dades amb la finalitat de poder informar-lo per via electr\u00f2nica sobre els productes, novetats, sortejos, serveis, esdeveniments i promocions de l\u2019Associaci\u00f3 Jannu Ferides, aix\u00ed com la gesti\u00f3 de la seva inscripci\u00f3 i participaci\u00f3 en sortejos, concursos o esdeveniments als quals sol\u00b7liciti participar, \u00e9s l\u2019atorgament del consentiment. Aquest consentiment ser\u00e0 v\u00e0lid fins que decideixi revocar-lo.<\/p>\n\n<p>Qualsevol persona t\u00e9 dret a obtenir confirmaci\u00f3 sobre si a l\u2019Associaci\u00f3 Jannu Ferides estem tractant dades personals que la concerneixin o no.<\/p>\n\n<p>Com a responsable del fitxer, l\u2019entitat es compromet a respectar la confidencialitat de la seva informaci\u00f3 de car\u00e0cter personal. Per exercir els seus drets d\u2019acc\u00e9s, rectificaci\u00f3, cancel\u00b7laci\u00f3 i oposici\u00f3, haur\u00e0 de remetre una comunicaci\u00f3 des del compte de correu electr\u00f2nic que va utilitzar per tramitar l\u2019alta a info@jannu-ferides.org amb l\u2019assumpte BAIXA. La tramitaci\u00f3 de la subscripci\u00f3 al butllet\u00ed presumir\u00e0 el seu consentiment per tractar les dades en els termes indicats.<\/p>\n\n<p>En el moment de la cancel\u00b7laci\u00f3 de les dades, \u00fanicament es conservaran bloquejades en compliment de les obligacions legals.<\/p>\n\n<h5><strong>Serveis de contractaci\u00f3 per Internet<\/strong><\/h5>\n\n<p>Determinats continguts del lloc web de l\u2019Associaci\u00f3 Jannu Ferides contenen la possibilitat de contractaci\u00f3 per Internet. L\u2019\u00fas d\u2019aquests requerir\u00e0 la lectura i acceptaci\u00f3 obligat\u00f2ria de les condicions generals de contractaci\u00f3 establertes a aquest efecte per l\u2019Associaci\u00f3 Jannu Ferides.<\/p>\n\n<h5><strong>Informaci\u00f3 b\u00e0sica<\/strong><\/h5>\n\n<p><strong>Responsable del tractament:<\/strong> Associaci\u00f3 Jannu Ferides.<\/p>\n\n<p><strong>Finalitat del tractament:<\/strong> gestionar les consultes dels usuaris i atendre les sol\u00b7licituds. Base legal per al tractament: el consentiment atorgat amb l\u2019acceptaci\u00f3 de la present Pol\u00edtica de Protecci\u00f3 de Dades.<\/p>\n\n<p><strong>Destinataris de les dades:<\/strong> no es comunicaran a terceres persones excepte per obligaci\u00f3 legal.<\/p>\n\n<p><strong>Drets:<\/strong> per exercir els drets d\u2019acc\u00e9s, rectificaci\u00f3, portabilitat i supressi\u00f3 de les seves dades, aix\u00ed com els de limitaci\u00f3 i oposici\u00f3 al seu tractament reconeguts per la normativa, pot enviar un correu electr\u00f2nic a info@jannu-ferides.org.<\/p>\n\n<p><strong>Per a m\u00e9s informaci\u00f3<\/strong> sobre aquest tractament i sobre com exercir els seus drets, pot consultar la nostra pol\u00edtica completa de protecci\u00f3 de dades a: http:\/\/www.jannu-ferides.org.<\/p>\n\n<h5><strong>Missatge de contacte<\/strong><\/h5>\n\n<p>En virtut del que estableixen la Llei Org\u00e0nica 3\/2018, LOPD-GDD, i el Reglament Europeu 2016\/679, RGPD, de Protecci\u00f3 de Dades de Car\u00e0cter Personal, l\u2019informem que les seves dades passaran a formar part d\u2019un fitxer titularitat de l\u2019Associaci\u00f3 Jannu Ferides. La informaci\u00f3 registrada s\u2019utilitzar\u00e0 per informar-lo per qualsevol mitj\u00e0 electr\u00f2nic de les nostres novetats i\/o informaci\u00f3 de l\u2019entitat. Pot exercir els drets d\u2019acc\u00e9s, rectificaci\u00f3, portabilitat i supressi\u00f3 de les seves dades, aix\u00ed com els de limitaci\u00f3 i oposici\u00f3 al tractament, a Violant d\u2019Hongria Reina d\u2019Arag\u00f3, 107, 08028, Barcelona, o b\u00e9 enviant un correu electr\u00f2nic a info@jannu-ferides.org. En compliment de la Llei 34\/2002, de l\u201911 de juliol, de serveis de la societat de la informaci\u00f3 i de comer\u00e7 electr\u00f2nic, l\u2019informem que pot revocar en qualsevol moment, de manera senzilla i gratu\u00efta, el consentiment per a la recepci\u00f3 de correus electr\u00f2nics enviant un correu electr\u00f2nic amb la seva sol\u00b7licitud a: info@jannu-ferides.org.<\/p>\n\n<h5><strong>Cr\u00e8dits del lloc web<\/strong><\/h5>\n\n<p>Associaci\u00f3 Jannu Ferides<\/p>\n\n<p>\u00a9 Dret de propietat i copyright<\/p>\n\n<p>Associaci\u00f3 Jannu Ferides G22757686<\/p>\n\n<p>info@jannu-ferides.org \u00b7 Violant d\u2019Hongria Reina d\u2019Arag\u00f3, 107<\/p>\n\n<p>08028 Barcelona<\/p>\n\n<p>Tel. 934161220<\/p>\n\n\n","protected":false},"excerpt":{"rendered":"<p>Associaci\u00f3 Jannu Ferides L&#8217;\u00fas d&#8217;aquest lloc web www.jannu-ferides.org implica l&#8217;acceptaci\u00f3 d&#8217;aquests termes. Si no esteu d&#8217;acord amb ells, us preguem que no utilitzeu aquest lloc web. En compliment de l&#8217;article 10 de la Llei 34\/2002, d&#8217;11 de juliol, de Serveis de la Societat de la Informaci\u00f3 i del Comer\u00e7 Electr\u00f2nic (LSSICE), Associaci\u00f3 Jannu Ferides, Responsable d&#8217;aquesta p\u00e0gina web, posa a&#8230;<\/p>\n","protected":false},"author":5,"featured_media":0,"parent":0,"menu_order":0,"comment_status":"closed","ping_status":"closed","template":"","meta":{"_acf_changed":false,"_uag_custom_page_level_css":"","footnotes":""},"class_list":["post-1318","page","type-page","status-publish"],"acf":[],"uagb_featured_image_src":{"full":false,"thumbnail":false,"medium":false,"medium_large":false,"large":false,"1536x1536":false,"2048x2048":false},"uagb_author_info":{"display_name":"Yeray Solis","author_link":"https:\/\/jannu-ferides.org\/ca\/author\/ysolis\/"},"uagb_comment_info":0,"uagb_excerpt":"Associaci\u00f3 Jannu Ferides L&#8217;\u00fas d&#8217;aquest lloc web www.jannu-ferides.org implica l&#8217;acceptaci\u00f3 d&#8217;aquests termes. Si no esteu d&#8217;acord amb ells, us preguem que no utilitzeu aquest lloc web. En compliment de l&#8217;article 10 de la Llei 34\/2002, d&#8217;11 de juliol, de Serveis de la Societat de la Informaci\u00f3 i del Comer\u00e7 Electr\u00f2nic (LSSICE), Associaci\u00f3 Jannu Ferides, Responsable&hellip;","jetpack_sharing_enabled":true,"_links":{"self":[{"href":"https:\/\/jannu-ferides.org\/ca\/wp-json\/wp\/v2\/pages\/1318","targetHints":{"allow":["GET"]}}],"collection":[{"href":"https:\/\/jannu-ferides.org\/ca\/wp-json\/wp\/v2\/pages"}],"about":[{"href":"https:\/\/jannu-ferides.org\/ca\/wp-json\/wp\/v2\/types\/page"}],"author":[{"embeddable":true,"href":"https:\/\/jannu-ferides.org\/ca\/wp-json\/wp\/v2\/users\/5"}],"replies":[{"embeddable":true,"href":"https:\/\/jannu-ferides.org\/ca\/wp-json\/wp\/v2\/comments?post=1318"}],"version-history":[{"count":1,"href":"https:\/\/jannu-ferides.org\/ca\/wp-json\/wp\/v2\/pages\/1318\/revisions"}],"predecessor-version":[{"id":1319,"href":"https:\/\/jannu-ferides.org\/ca\/wp-json\/wp\/v2\/pages\/1318\/revisions\/1319"}],"wp:attachment":[{"href":"https:\/\/jannu-ferides.org\/ca\/wp-json\/wp\/v2\/media?parent=1318"}],"curies":[{"name":"wp","href":"https:\/\/api.w.org\/{rel}","templated":true}]}}