{"id":1304,"date":"2026-01-09T09:21:12","date_gmt":"2026-01-09T08:21:12","guid":{"rendered":"https:\/\/jannu-ferides.org\/?page_id=1304"},"modified":"2026-01-09T09:22:05","modified_gmt":"2026-01-09T08:22:05","slug":"voluntariat-a-jannu-ferides","status":"publish","type":"page","link":"https:\/\/jannu-ferides.org\/ca\/voluntariat-a-jannu-ferides\/","title":{"rendered":"Voluntariat a Jannu Ferides"},"content":{"rendered":"\n<p>La solidaritat i el comprom\u00eds social constitueixen un dels&nbsp;<strong>10 eixos d\u2019acci\u00f3<\/strong>&nbsp;fonamentals per assolir l\u2019objectiu fundacional de&nbsp;<strong>Jannu Ferides<\/strong>:<\/p>\n\n\n\n<p><strong>Cura de ferides per a tothom<\/strong><br><strong>Cuidado de heridas para todos<\/strong><br><strong>Wound care for all<\/strong><\/p>\n\n\n\n<p>Amb aquest prop\u00f2sit, i entre altres activitats, des de&nbsp;<strong>Jannu Ferides<\/strong>&nbsp;estem desenvolupant diferents&nbsp;<strong>programes de voluntariat sociosanitari<\/strong>, d\u2019acord amb la legislaci\u00f3 espanyola vigent (Llei 45\/2015, de 14 d\u2019octubre, de voluntariat; Prefectura de l\u2019Estat, \u00abBOE\u00bb n\u00fam. 247, de 15 d\u2019octubre de 2015; refer\u00e8ncia: BOE-A-2015-11072).<\/p>\n\n\n\n<p>Els projectes de voluntariat de&nbsp;<strong>Jannu Ferides<\/strong>&nbsp;estan oberts a totes les persones s\u00f2cies de l\u2019entitat i es duran a terme en col\u00b7laboraci\u00f3 amb organitzacions amb les quals existeixi un conveni formal de col\u00b7laboraci\u00f3.<\/p>\n\n\n\n<p>A mesura que els diferents projectes de voluntariat es vagin concretant, es presentaran p\u00fablicament en aquest espai del nostre web.<\/p>\n\n\n\n<p>Les despeses de viatge i manutenci\u00f3 de les persones participants en els programes de voluntariat de&nbsp;<strong>Jannu Ferides<\/strong>&nbsp;aniran a c\u00e0rrec de les mateixes persones volunt\u00e0ries. Per participar en aquests programes \u00e9s condici\u00f3 indispensable ser soci o s\u00f2cia de&nbsp;<strong>Jannu Ferides<\/strong>.<\/p>\n\n\n\n<p>Des de&nbsp;<strong>Jannu Ferides<\/strong>&nbsp;posarem el m\u00e0xim \u00e8mfasi perqu\u00e8 tots els nostres programes de voluntariat siguin coherents amb la nostra missi\u00f3, els nostres valors, el comprom\u00eds compartit i els nostres&nbsp;<strong>10 pilars d\u2019acci\u00f3<\/strong>.<\/p>\n\n\n\n<p><strong>Jannu Ferides<\/strong> es compromet a procurar les millors condicions possibles per a les persones participants en els seus programes de voluntariat, en col\u00b7laboraci\u00f3 amb les organitzacions locals implicades. No obstant aix\u00f2, les persones volunt\u00e0ries seran responsables de disposar d\u2019una asseguran\u00e7a d\u2019assist\u00e8ncia m\u00e8dica i de viatge, aix\u00ed com de comptar amb l\u2019acreditaci\u00f3 professional corresponent i la cobertura legal necess\u00e0ria per al desenvolupament de la seva activitat.<\/p>\n\n\n\n<p>Si vols rebre m\u00e9s informaci\u00f3 sobre el nostre\u00a0<strong>Programa de Voluntariat<\/strong>, pots escriure\u2019ns a:\u00a0<strong><a href=\"mailto:info@jannu-ferides.org\" target=\"_blank\" rel=\"noreferrer noopener\">info@jannu-ferides.org<\/a><\/strong><\/p>\n","protected":false},"excerpt":{"rendered":"<p>La solidaritat i el comprom\u00eds social constitueixen un dels&nbsp;10 eixos d\u2019acci\u00f3&nbsp;fonamentals per assolir l\u2019objectiu fundacional de&nbsp;Jannu Ferides: Cura de ferides per a tothomCuidado de heridas para todosWound care for all Amb aquest prop\u00f2sit, i entre altres activitats, des de&nbsp;Jannu Ferides&nbsp;estem desenvolupant diferents&nbsp;programes de voluntariat sociosanitari, d\u2019acord amb la legislaci\u00f3 espanyola vigent (Llei 45\/2015, de 14 d\u2019octubre, de voluntariat; Prefectura de&#8230;<\/p>\n","protected":false},"author":1,"featured_media":0,"parent":0,"menu_order":0,"comment_status":"closed","ping_status":"closed","template":"","meta":{"_acf_changed":false,"_uag_custom_page_level_css":"","footnotes":""},"class_list":["post-1304","page","type-page","status-publish"],"acf":[],"uagb_featured_image_src":{"full":false,"thumbnail":false,"medium":false,"medium_large":false,"large":false,"1536x1536":false,"2048x2048":false},"uagb_author_info":{"display_name":"admin-jannu","author_link":"https:\/\/jannu-ferides.org\/ca\/author\/admin-jannu\/"},"uagb_comment_info":0,"uagb_excerpt":"La solidaritat i el comprom\u00eds social constitueixen un dels&nbsp;10 eixos d\u2019acci\u00f3&nbsp;fonamentals per assolir l\u2019objectiu fundacional de&nbsp;Jannu Ferides: Cura de ferides per a tothomCuidado de heridas para todosWound care for all Amb aquest prop\u00f2sit, i entre altres activitats, des de&nbsp;Jannu Ferides&nbsp;estem desenvolupant diferents&nbsp;programes de voluntariat sociosanitari, d\u2019acord amb la legislaci\u00f3 espanyola vigent (Llei 45\/2015, de 14&hellip;","jetpack_sharing_enabled":true,"_links":{"self":[{"href":"https:\/\/jannu-ferides.org\/ca\/wp-json\/wp\/v2\/pages\/1304","targetHints":{"allow":["GET"]}}],"collection":[{"href":"https:\/\/jannu-ferides.org\/ca\/wp-json\/wp\/v2\/pages"}],"about":[{"href":"https:\/\/jannu-ferides.org\/ca\/wp-json\/wp\/v2\/types\/page"}],"author":[{"embeddable":true,"href":"https:\/\/jannu-ferides.org\/ca\/wp-json\/wp\/v2\/users\/1"}],"replies":[{"embeddable":true,"href":"https:\/\/jannu-ferides.org\/ca\/wp-json\/wp\/v2\/comments?post=1304"}],"version-history":[{"count":1,"href":"https:\/\/jannu-ferides.org\/ca\/wp-json\/wp\/v2\/pages\/1304\/revisions"}],"predecessor-version":[{"id":1305,"href":"https:\/\/jannu-ferides.org\/ca\/wp-json\/wp\/v2\/pages\/1304\/revisions\/1305"}],"wp:attachment":[{"href":"https:\/\/jannu-ferides.org\/ca\/wp-json\/wp\/v2\/media?parent=1304"}],"curies":[{"name":"wp","href":"https:\/\/api.w.org\/{rel}","templated":true}]}}