{"id":1137,"date":"2025-12-02T12:27:36","date_gmt":"2025-12-02T11:27:36","guid":{"rendered":"https:\/\/jannu-ferides.org\/?page_id=1137"},"modified":"2026-01-09T10:41:41","modified_gmt":"2026-01-09T09:41:41","slug":"politica-de-galetes-cookies","status":"publish","type":"page","link":"https:\/\/jannu-ferides.org\/ca\/politica-de-galetes-cookies\/","title":{"rendered":"Pol\u00edtica de galetes (cookies)"},"content":{"rendered":"\n<p><strong>Associaci\u00f3 Jannu Ferides<\/strong><br>\n<strong>Responsable:<\/strong> Associaci\u00f3 Jannu Ferides<br>\n<strong>Delegat de Protecci\u00f3 de Dades:<\/strong> <a href=\"mailto:dpd@audiconsecurity.com\">dpd@audiconsecurity.com<\/a><\/p>\n\n<p>\nEn compliment de la Llei 34\/2002, de l\u201911 de juliol, de serveis de la societat de la informaci\u00f3 i de comer\u00e7 electr\u00f2nic (LSSICE), en relaci\u00f3 amb el Reglament (UE) 2016\/679 del Parlament Europeu i del Consell, de 27 d\u2019abril de 2016 (en endavant, RGPD), i la Llei Org\u00e0nica 3\/2018, de 5 de desembre, de Protecci\u00f3 de Dades i garantia dels drets digitals (en endavant, LOPD-GDD), l\u2019informem que <strong>www.jannu-ferides.org<\/strong> utilitza cookies i tecnologies similars per garantir determinades funcionalitats i millorar la qualitat del lloc web.\n<\/p>\n\n<h5><strong>Qu\u00e8 s\u00f3n i per a qu\u00e8 les utilitzem?<\/strong><\/h5>\n\n<p>\nAquest lloc web, com la majoria de llocs web a Internet, utilitza cookies per millorar l\u2019experi\u00e8ncia de l\u2019usuari. A continuaci\u00f3, trobar\u00e0 informaci\u00f3 sobre qu\u00e8 s\u00f3n les cookies, quin tipus de cookies utilitza aquest portal, com desactivar les cookies al seu navegador i com desactivar espec\u00edficament la instal\u00b7laci\u00f3 de cookies de tercers.\n<\/p>\n\n<h5><strong>Qu\u00e8 s\u00f3n les cookies?<\/strong><\/h5>\n\n<p>\nLes cookies s\u00f3n petits fitxers que algunes plataformes, com les p\u00e0gines web, poden instal\u00b7lar al seu ordinador, tel\u00e8fon intel\u00b7ligent, tauleta o televisi\u00f3 connectada. Les seves funcions poden ser molt variades: emmagatzemar les seves prefer\u00e8ncies de navegaci\u00f3, recopilar informaci\u00f3 estad\u00edstica, permetre certes funcionalitats t\u00e8cniques, etc. De vegades, les cookies s\u2019utilitzen per emmagatzemar informaci\u00f3 b\u00e0sica sobre els h\u00e0bits de navegaci\u00f3 de l\u2019usuari o del seu equip, fins al punt, segons els casos, de poder recon\u00e8ixer-lo.\n<\/p>\n\n<h5><strong>Per qu\u00e8 s\u00f3n importants?<\/strong><\/h5>\n\n<p>\nLes cookies s\u00f3n \u00fatils per diversos motius. Des d\u2019un punt de vista t\u00e8cnic, permeten que les p\u00e0gines web funcionin de manera m\u00e9s \u00e0gil i adaptada a les seves prefer\u00e8ncies, com ara emmagatzemar l\u2019idioma o la moneda del seu pa\u00eds. A m\u00e9s, ajuden els responsables dels llocs web a millorar els serveis que ofereixen, gr\u00e0cies a la informaci\u00f3 estad\u00edstica que recopilen a trav\u00e9s d\u2019elles.\n<\/p>\n\n<h5><strong>Tipologia, finalitat i funcionament de les cookies<\/strong><\/h5>\n\n<p>\nLes cookies, en funci\u00f3 de la seva perman\u00e8ncia, es poden dividir en cookies de sessi\u00f3 o permanents. Les primeres caduquen quan l\u2019usuari tanca el navegador. Les segones caduquen quan es compleix l\u2019objectiu per al qual serveixen (per exemple, perqu\u00e8 l\u2019usuari es mantingui identificat a les p\u00e0gines de www.jannu-ferides.org) o b\u00e9 quan esborren manualment.\n<\/p>\n\n<p>\nA m\u00e9s, en funci\u00f3 del seu objectiu, les cookies es poden classificar de la manera seg\u00fcent:\n<\/p>\n\n<h5><strong>Cookies de rendiment<\/strong><\/h5>\n<p>Aquest tipus de cookie recorda les seves prefer\u00e8ncies per a les eines que es troben a les p\u00e0gines, de manera que no cal tornar a configurar-les cada vegada que les visita. A mode d\u2019exemple, en aquesta tipologia s\u2019inclouen:<\/p>\n<ul>\n    <li>Ajustos de volum dels reproductors de v\u00eddeo o so.<\/li>\n    <li>Les velocitats de transmissi\u00f3 de v\u00eddeo compatibles amb el seu navegador.<\/li>\n<\/ul>\n\n<h5><strong>Cookies de geolocalitzaci\u00f3<\/strong><\/h5>\n<p>\nAquestes cookies s\u2019utilitzen per esbrinar en quin pa\u00eds es troba quan navega pel lloc web. Aquesta cookie \u00e9s totalment an\u00f2nima i nom\u00e9s s\u2019utilitza per ajudar a orientar el contingut segons la seva ubicaci\u00f3.\n<\/p>\n\n<h5><strong>Cookies de registre<\/strong><\/h5>\n<p>\nLes cookies de registre es generen un cop l\u2019usuari s\u2019ha registrat o posteriorment ha iniciat sessi\u00f3, i s\u2019utilitzen per identificar-lo a les p\u00e0gines amb els seg\u00fcents objectius:\n<\/p>\n<ul>\n    <li>Mantenir l\u2019usuari identificat de manera que, si tanca una p\u00e0gina, el navegador o l\u2019ordinador i m\u00e9s endavant o en un altre dia torna a entrar en aquesta p\u00e0gina, seguir\u00e0 identificat, facilitant aix\u00ed la seva navegaci\u00f3 sense haver de tornar a identificar-se. Aquesta funcionalitat es pot suprimir si l\u2019usuari prem la funcionalitat &#8220;tancar sessi\u00f3&#8221;, moment en qu\u00e8 aquesta cookie s\u2019elimina i la pr\u00f2xima vegada que accedeixi a la p\u00e0gina haur\u00e0 d\u2019iniciar sessi\u00f3 per estar identificat.<\/li>\n    <li>Comprovar si l\u2019usuari est\u00e0 autoritzat per accedir a certes p\u00e0gines, per exemple, per participar en un concurs.<\/li>\n    <li>A m\u00e9s, algunes p\u00e0gines poden utilitzar connectors amb xarxes socials com Facebook, Instagram, YouTube o Twitter. Quan l\u2019usuari es registra en una p\u00e0gina amb credencials d\u2019una xarxa social, autoritza la xarxa social a guardar una cookie persistent que recorda la seva identitat i li garanteix acc\u00e9s a les p\u00e0gines fins que expira. L\u2019usuari pot esborrar aquesta cookie i revocar l\u2019acc\u00e9s a les p\u00e0gines a trav\u00e9s de les xarxes socials actualitzant les seves prefer\u00e8ncies a la xarxa social corresponent.<\/li>\n<\/ul>\n\n<h5><strong>Cookies anal\u00edtiques<\/strong><\/h5>\n<p>\nCada vegada que un usuari visita una p\u00e0gina, una eina d\u2019un prove\u00efdor extern (en el nostre cas, Google Analytics) genera una cookie anal\u00edtica a l\u2019ordinador de l\u2019usuari. Aquesta cookie, que nom\u00e9s es genera en la visita, servir\u00e0 en futures visites a les p\u00e0gines de www.jannu-ferides.org per identificar de manera an\u00f2nima el visitant. Els objectius principals s\u00f3n:\n<\/p>\n<ul>\n    <li>Permetre la identificaci\u00f3 an\u00f2nima dels usuaris navegants a trav\u00e9s de la &#8220;cookie&#8221; (identifica navegadors i dispositius, no persones) i, per tant, la comptabilitzaci\u00f3 aproximada del nombre de visitants i la seva tend\u00e8ncia en el temps.<\/li>\n    <li>Identificar de manera an\u00f2nima els continguts m\u00e9s visitats i, per tant, m\u00e9s atractius per als usuaris.<\/li>\n    <li>Saber si l\u2019usuari que est\u00e0 accedint \u00e9s nou o repeteix visita.<\/li>\n<\/ul>\n\n<p>\n<strong>Important:<\/strong> A menys que l\u2019usuari decideixi registrar-se al web de www.jannu-ferides.org, la &#8220;cookie&#8221; mai no s\u2019associar\u00e0 a cap dada de car\u00e0cter personal que el pugui identificar.\n<\/p>\n\n<h5><strong>Altres cookies de tercers<\/strong><\/h5>\n<p>En algunes de les nostres p\u00e0gines es poden instal\u00b7lar cookies de tercers que permetin gestionar i millorar els serveis que aquests ofereixen. Un exemple d\u2019aquest \u00fas s\u00f3n els enlla\u00e7os a les xarxes socials que permeten compartir els nostres continguts.<\/p>\n\n<h5><strong>Com puc configurar les meves prefer\u00e8ncies?<\/strong><\/h5>\n\n<p>\nPot permetre, bloquejar o eliminar les cookies instal\u00b7lades al seu equip mitjan\u00e7ant la configuraci\u00f3 de les opcions del seu navegador d\u2019internet. En el cas que les bloquegi, \u00e9s possible que certs serveis que necessiten el seu \u00fas no estiguin disponibles per a vost\u00e8.\n<\/p>\n\n<h5><strong>Utilitzaci\u00f3 de les cookies<\/strong><\/h5>\n\n<p>\nLes cookies s\u00f3n fitxers enviats a un navegador mitjan\u00e7ant un servidor web per registrar les activitats de l\u2019usuari en un web determinat. La primera finalitat de les cookies \u00e9s facilitar a l\u2019usuari un acc\u00e9s m\u00e9s r\u00e0pid a les p\u00e0gines seleccionades.\n\nEl web www.jannu-ferides.org utilitza cookies per personalitzar i facilitar al m\u00e0xim la navegaci\u00f3 de l\u2019usuari. Les cookies s\u2019associen \u00fanicament a un usuari an\u00f2nim i al seu ordinador, i no proporcionen refer\u00e8ncies que permetin deduir dades personals de l\u2019usuari. L\u2019usuari podr\u00e0 configurar el seu navegador perqu\u00e8 notifiqui i rebutgi la instal\u00b7laci\u00f3 de les cookies enviades pel web de www.jannu-ferides.org, sense que aix\u00f2 perjudiqui la possibilitat d\u2019accedir als continguts. Tanmateix, cal tenir en compte que, en tot cas, la qualitat del funcionament del lloc web pot disminuir.\n\nA m\u00e9s, el web de www.jannu-ferides.org podr\u00e0 con\u00e8ixer totes les p\u00e0gines visitades pels usuaris, la qual cosa li permetr\u00e0 facilitar o oferir informaci\u00f3 adequada als gustos i prefer\u00e8ncies de cada usuari.\n<\/p>\n\n<h5><strong>Com desactivar les cookies als principals navegadors<\/strong><\/h5>\n\n<p>\nNormalment \u00e9s possible deixar de acceptar les cookies del navegador, o deixar de acceptar les cookies d\u2019una p\u00e0gina en particular.  \nTots els navegadors moderns permeten canviar la configuraci\u00f3 de les cookies. Aquest ajust normalment es troba a les &#8220;Opcions&#8221; o &#8220;Prefer\u00e8ncies&#8221; del men\u00fa del seu navegador.  \nEl web de www.jannu-ferides.org ofereix orientaci\u00f3 a l\u2019usuari sobre els passos per accedir al men\u00fa de configuraci\u00f3 de les cookies i, si escau, de la navegaci\u00f3 privada a cadascun dels navegadors principals:\n<\/p>\n<ul>\n    <li><strong>Internet Explorer:<\/strong> Eines \u2192 Opcions d\u2019Internet \u2192 Privadesa \u2192 Configuraci\u00f3.<\/li>\n    <li><strong>Firefox:<\/strong> Eines \u2192 Opcions \u2192 Privadesa \u2192 Historial \u2192 Configuraci\u00f3 personalitzada.<\/li>\n    <li><strong>Chrome:<\/strong> Configuraci\u00f3 \u2192 Avan\u00e7at \u2192 Privadesa \u2192 Configuraci\u00f3 de contingut.<\/li>\n    <li><strong>Safari:<\/strong> Prefer\u00e8ncies \u2192 Seguretat.<\/li>\n<\/ul>\n\n<h5><strong>Qu\u00e8 passa si es desactiven les cookies?<\/strong><\/h5>\n\n<p>\nAlgunes funcionalitats de les p\u00e0gines quedaran desactivades, com ara romandre identificat, rebre informaci\u00f3 dirigida a la seva ubicaci\u00f3 o la visualitzaci\u00f3 d\u2019alguns v\u00eddeos.\n<\/p>\n\n<h5><strong>Actualitzaci\u00f3 i canvis en la Pol\u00edtica de Cookies<\/strong><\/h5>\n\n<p>\nEl web de www.jannu-ferides.org pot modificar aquesta Pol\u00edtica de Cookies en funci\u00f3 de les exig\u00e8ncies legislatives, reglament\u00e0ries, o amb l\u2019objectiu d\u2019adaptar aquesta pol\u00edtica a les instruccions dictades per l\u2019Ag\u00e8ncia Espanyola de Protecci\u00f3 de Dades; per aix\u00f2 es recomana als usuaris que la visitin peri\u00f2dicament.  \nQuan es produeixin canvis significatius en aquesta Pol\u00edtica de Cookies, es comunicaran als usuaris mitjan\u00e7ant el web.  \nPel que fa a les cookies de tercers, \u00e9s a dir, aquelles que s\u00f3n alienes al nostre lloc web, no podem fer-nos responsables del contingut i la veracitat de les pol\u00edtiques de privadesa que ells inclouen, per la qual cosa la informaci\u00f3 que li oferim \u00e9s sempre amb refer\u00e8ncia a la font.\n<\/p>\n\n<h5><strong>Pol\u00edtica de privadesa<\/strong><\/h5>\n\n<p>\nPot llegir la nostra Pol\u00edtica de Privadesa per obtenir m\u00e9s informaci\u00f3 sobre el tractament de dades personals al nostre lloc web.\n<\/p>\n\n<h5><strong>Contacte<\/strong><\/h5>\n\n<p>\nSi tingu\u00e9s algun dubte, comentari o suggeriment sobre la Pol\u00edtica de Cookies, pot contactar amb el nostre Delegat de Protecci\u00f3 de Dades a trav\u00e9s de la seg\u00fcent adre\u00e7a de correu electr\u00f2nic: dpd@audiconsecurity.com.  \nPer a m\u00e9s informaci\u00f3 sobre cookies i els seus drets com a usuari, pot consultar la Guia sobre l\u2019\u00fas de cookies elaborada per l\u2019Ag\u00e8ncia Espanyola de Protecci\u00f3 de Dades (AEPD).\n\nL\u2019Associaci\u00f3 Jannu Ferides pot modificar aquesta Pol\u00edtica de Cookies en funci\u00f3 de les exig\u00e8ncies legislatives o amb l\u2019objectiu d\u2019adaptar aquesta pol\u00edtica a les instruccions dictades per l\u2019Ag\u00e8ncia Espanyola de Protecci\u00f3 de Dades.\n<\/p>\n\n","protected":false},"excerpt":{"rendered":"<p>Associaci\u00f3 Jannu Ferides Responsable: Associaci\u00f3 Jannu Ferides Delegat de Protecci\u00f3 de Dades: dpd@audiconsecurity.com En compliment de la Llei 34\/2002, de l\u201911 de juliol, de serveis de la societat de la informaci\u00f3 i de comer\u00e7 electr\u00f2nic (LSSICE), en relaci\u00f3 amb el Reglament (UE) 2016\/679 del Parlament Europeu i del Consell, de 27 d\u2019abril de 2016 (en endavant, RGPD), i la Llei&#8230;<\/p>\n","protected":false},"author":4,"featured_media":0,"parent":0,"menu_order":0,"comment_status":"closed","ping_status":"closed","template":"","meta":{"_acf_changed":false,"_uag_custom_page_level_css":"","footnotes":""},"class_list":["post-1137","page","type-page","status-publish"],"acf":[],"uagb_featured_image_src":{"full":false,"thumbnail":false,"medium":false,"medium_large":false,"large":false,"1536x1536":false,"2048x2048":false},"uagb_author_info":{"display_name":"Joan-Enric Torra Bou","author_link":"https:\/\/jannu-ferides.org\/ca\/author\/jetorrabouhotmail-com\/"},"uagb_comment_info":0,"uagb_excerpt":"Associaci\u00f3 Jannu Ferides Responsable: Associaci\u00f3 Jannu Ferides Delegat de Protecci\u00f3 de Dades: dpd@audiconsecurity.com En compliment de la Llei 34\/2002, de l\u201911 de juliol, de serveis de la societat de la informaci\u00f3 i de comer\u00e7 electr\u00f2nic (LSSICE), en relaci\u00f3 amb el Reglament (UE) 2016\/679 del Parlament Europeu i del Consell, de 27 d\u2019abril de 2016 (en&hellip;","jetpack_sharing_enabled":true,"_links":{"self":[{"href":"https:\/\/jannu-ferides.org\/ca\/wp-json\/wp\/v2\/pages\/1137","targetHints":{"allow":["GET"]}}],"collection":[{"href":"https:\/\/jannu-ferides.org\/ca\/wp-json\/wp\/v2\/pages"}],"about":[{"href":"https:\/\/jannu-ferides.org\/ca\/wp-json\/wp\/v2\/types\/page"}],"author":[{"embeddable":true,"href":"https:\/\/jannu-ferides.org\/ca\/wp-json\/wp\/v2\/users\/4"}],"replies":[{"embeddable":true,"href":"https:\/\/jannu-ferides.org\/ca\/wp-json\/wp\/v2\/comments?post=1137"}],"version-history":[{"count":2,"href":"https:\/\/jannu-ferides.org\/ca\/wp-json\/wp\/v2\/pages\/1137\/revisions"}],"predecessor-version":[{"id":1327,"href":"https:\/\/jannu-ferides.org\/ca\/wp-json\/wp\/v2\/pages\/1137\/revisions\/1327"}],"wp:attachment":[{"href":"https:\/\/jannu-ferides.org\/ca\/wp-json\/wp\/v2\/media?parent=1137"}],"curies":[{"name":"wp","href":"https:\/\/api.w.org\/{rel}","templated":true}]}}