{"id":1079,"date":"2025-12-03T12:32:27","date_gmt":"2025-12-03T11:32:27","guid":{"rendered":"https:\/\/jannu-ferides.org\/?page_id=1079"},"modified":"2026-01-09T10:47:28","modified_gmt":"2026-01-09T09:47:28","slug":"politica-de-xarxes-socials","status":"publish","type":"page","link":"https:\/\/jannu-ferides.org\/ca\/politica-de-xarxes-socials\/","title":{"rendered":"Pol\u00edtica de xarxes socials"},"content":{"rendered":"\n<h5><strong>Associaci\u00f3 Jannu Ferides<\/strong><\/h5>\n\n<p>En compliment de la Llei Org\u00e0nica 3\/2018, LOPD-GDD, de Protecci\u00f3 de Dades Personals i Garantia de Drets Digitals, del Reglament Europeu 2016\/679, de protecci\u00f3 de dades de car\u00e0cter personal (RGPD), i de la Llei 34\/2002, de l\u201911 de juliol, de Serveis de la Societat de la Informaci\u00f3 i de Comer\u00e7 Electr\u00f2nic (LSSICE), l\u2019Associaci\u00f3 Jannu Ferides informa els Usuaris que s\u2019ha creat un perfil a les xarxes socials Facebook, X, Instagram, LinkedIn i YouTube amb la finalitat principal d\u2019oferir informaci\u00f3 i publicitar els seus productes i serveis.<\/p>\n\n<p>Associaci\u00f3 Jannu Ferides<\/p>\n<p>Violant d\u2019Hongria Reina d\u2019Arag\u00f3, 107 \u00b7 08028 Barcelona \u00b7 www.jannu-ferides.org<\/p>\n<p>info@jannu-ferides.org<\/p>\n\n<p>L\u2019Usuari disposa d\u2019un perfil a la mateixa Xarxa Social i ha decidit unir-se a la p\u00e0gina creada per l\u2019Associaci\u00f3 Jannu Ferides, mostrant aix\u00ed inter\u00e8s per la informaci\u00f3 que s\u2019hi publiqui. En unir-se a la nostra p\u00e0gina, ens facilita el seu consentiment per al tractament de les dades personals publicades al seu perfil.<\/p>\n\n<p>L\u2019usuari pot accedir en tot moment a les pol\u00edtiques de privadesa de la pr\u00f2pia Xarxa Social, aix\u00ed com configurar el seu perfil per garantir la seva privadesa.<\/p>\n\n<p>L\u2019Associaci\u00f3 Jannu Ferides tracta la informaci\u00f3 p\u00fablica de l\u2019Usuari, especialment el seu nom de contacte. Aquestes dades nom\u00e9s s\u2019utilitzen dins de la pr\u00f2pia Xarxa Social i no s\u2019incorporen a cap fitxer.<\/p>\n\n<h5><strong>En relaci\u00f3 amb els drets d\u2019acc\u00e9s, rectificaci\u00f3, cancel\u00b7laci\u00f3 i oposici\u00f3<\/strong><\/h5>\n\n<ul>\n    <li>\n        <p><u>Dret d\u2019Acc\u00e9s:<\/u> \u00c9s el dret de l\u2019Usuari a obtenir informaci\u00f3 sobre les seves dades concretes de car\u00e0cter personal i del tractament que l\u2019Associaci\u00f3 Jannu Ferides hagi realitzat o realitzi, aix\u00ed com sobre la informaci\u00f3 disponible sobre l\u2019origen d\u2019aquestes dades i les comunicacions realitzades o previstes. Aquest dret estar\u00e0 definit per la funcionalitat de la Xarxa Social i la capacitat d\u2019acc\u00e9s a la informaci\u00f3 dels perfils dels Usuaris.<\/p>\n    <\/li>\n\n    <li>\n        <p><u>Dret de Rectificaci\u00f3:<\/u> \u00c9s el dret de l\u2019interessat a que es modifiquin les dades que resultin ser inexactes o incompletes. Nom\u00e9s es podr\u00e0 satisfer en relaci\u00f3 amb la informaci\u00f3 que es trobi sota el control de l\u2019Associaci\u00f3 Jannu Ferides (per exemple, eliminar comentaris publicats al propi perfil). Normalment, aquest dret s\u2019ha d\u2019exercir davant la Xarxa Social.<\/p>\n    <\/li>\n\n    <li>\n        <p><u>Dret de Cancel\u00b7laci\u00f3:<\/u> \u00c9s el dret a suprimir les dades de car\u00e0cter personal de l\u2019Usuari, excepte el previst en altres lleis aplicables que determinin l\u2019obligatorietat de la seva conservaci\u00f3, en temps i forma. Aquest dret es podr\u00e0 exercir, per exemple, mitjan\u00e7ant la desvinculaci\u00f3 del perfil al qual est\u00e0 unit.<\/p>\n    <\/li>\n\n    <li>\n        <p><u>Dret d\u2019Oposici\u00f3:<\/u> \u00c9s el dret de l\u2019Usuari a que no es dugui a terme el tractament de les seves dades de car\u00e0cter personal o es cess\u00ed el tractament per part de l\u2019Associaci\u00f3 Jannu Ferides. Com en el dret de cancel\u00b7laci\u00f3, es podr\u00e0 exercir, per exemple, mitjan\u00e7ant la desvinculaci\u00f3 del perfil al qual est\u00e0 unit.<\/p>\n    <\/li>\n\n    <li>\n        <p><u>Dret a la Limitaci\u00f3:<\/u> L\u2019interessat pot sol\u00b7licitar l\u2019exercici del seu dret a limitar el tractament de les seves dades en els casos en qu\u00e8:<\/p>\n        <ul>\n            <li><p>L\u2019interessat impugni l\u2019exactitud de les dades.<\/p><\/li>\n            <li><p>Quan les dades recollides no siguin necess\u00e0ries per als fins del tractament per\u00f2 s\u00ed que siguin necess\u00e0ries per al reconeixement, exercici o defensa d\u2019un procediment judicial.<\/p><\/li>\n            <li><p>Quan l\u2019interessat s\u2019oposi al tractament mentre es verifica si prevalen els motius leg\u00edtims del Responsable del Tractament sobre els de l\u2019Interessat.<\/p><\/li>\n        <\/ul>\n    <\/li>\n\n    <li>\n        <p><u>Dret a la Portabilitat:<\/u> L\u2019interessat t\u00e9 dret a rebre les seves dades personals per part del Responsable del Tractament al qual pr\u00e8viament les hagi facilitat, en un format estructurat, d\u2019\u00fas habitual i de lectura mec\u00e0nica, amb l\u2019objectiu de transmetre-les a un altre Responsable, sense que el Responsable del Tractament que li va facilitar les dades pr\u00e8viament ho impedeixi. Alhora, l\u2019interessat pot sol\u00b7licitar que les seves dades es transmetin directament d\u2019un Responsable a un altre.<\/p>\n    <\/li>\n\n    <li>\n        <p><u>Dret a la Supressi\u00f3 i a l\u2019Oblit:<\/u> L\u2019interessat t\u00e9 dret a la supressi\u00f3 de les seves dades personals quan:<\/p>\n        <ul>\n            <li><p>Aquestes no siguin necess\u00e0ries per al fi pel qual van ser recollides.<\/p><\/li>\n            <li><p>Hagi retirat el consentiment i no existeixi fonament jur\u00eddic que indiqui el contrari.<\/p><\/li>\n            <li><p>Hagi exercit el seu dret d\u2019oposici\u00f3 al tractament de les seves dades i no prevalguin motius leg\u00edtims per al tractament.<\/p><\/li>\n            <li><p>Les dades siguin tractades de manera il\u00b7l\u00edcita o hagin de ser suprimides per una obligaci\u00f3 jur\u00eddica a la qual estigui subjecte el Responsable del Tractament.<\/p><\/li>\n            <li><p>Les dades s\u2019hagin obtingut mitjan\u00e7ant una relaci\u00f3 amb l\u2019oferta de serveis de la Societat de la Informaci\u00f3.<\/p><\/li>\n        <\/ul>\n    <\/li>\n<\/ul>\n\n<p>Per poder exercir qualsevol dels drets descrits anteriorment, s\u2019han de complir els requisits seg\u00fcents:<\/p>\n<p>1. Presentaci\u00f3 d\u2019un escrit dirigit a l\u2019Associaci\u00f3 Jannu Ferides, a l\u2019adre\u00e7a Violant d\u2019Hongria Reina d\u2019Arag\u00f3, 107, 08028, Barcelona, o b\u00e9 per correu electr\u00f2nic a info@jannu-ferides.org.<\/p>\n<p>2. L\u2019escrit enviat pel titular de les dades que sol\u00b7liciti l\u2019exercici ha de complir els requisits legals:<\/p>\n<ul>\n    <li>\n        <p><u>Nom, cognoms de l\u2019interessat i c\u00f2pia del DNI.<\/u> En els casos excepcionals en qu\u00e8 s\u2019admeti representaci\u00f3, tamb\u00e9 ser\u00e0 necess\u00e0ria la identificaci\u00f3 per la mateixa via de la persona que el representa, aix\u00ed com el document acreditatiu de la representaci\u00f3. La fotoc\u00f2pia del DNI podr\u00e0 ser substitu\u00efda sempre que s\u2019acrediti la identitat per qualsevol altre mitj\u00e0 v\u00e0lid en dret.<\/p>\n    <\/li>\n    <li>\n        <p><u>Petici\u00f3 en qu\u00e8 es concreta la sol\u00b7licitud.<\/u> Si no es fa refer\u00e8ncia a un fitxer concret, se li facilitar\u00e0 tota la informaci\u00f3 que es tingui amb les seves dades de car\u00e0cter personal. Si sol\u00b7licita informaci\u00f3 d\u2019un fitxer concret, nom\u00e9s se li proporcionar\u00e0 la informaci\u00f3 d\u2019aquest fitxer. Si sol\u00b7licita informaci\u00f3 relativa a un tercer, mai es podr\u00e0 facilitar. Si la sol\u00b7licitud es fa per tel\u00e8fon, se li indicar\u00e0 que ho faci per escrit i se li informar\u00e0 de com ho pot fer i de l\u2019adre\u00e7a a la qual ha d\u2019enviar-la.<\/p>\n    <\/li>\n    <li>\n        <p><u>Domicili a efectes de notificacions.<\/u><\/p>\n    <\/li>\n    <li>\n        <p><u>Data i signatura del signant.<\/u><\/p>\n    <\/li>\n<\/ul>\n<p>3. Documents acreditatius de la petici\u00f3 que es formula.<\/p>\n<p>4. L\u2019interessat ha d\u2019utilitzar qualsevol mitj\u00e0 que permeti acreditar l\u2019enviament i la recepci\u00f3 de la sol\u00b7licitud.<\/p>\n\n<h5><strong>\u00das del perfil<\/strong><\/h5>\n\n<p>L\u2019Associaci\u00f3 Jannu Ferides dur\u00e0 a terme les seg\u00fcents accions:<\/p>\n<ul>\n    <li><p>Acc\u00e9s a la informaci\u00f3 p\u00fablica del perfil.<\/p><\/li>\n    <li><p>Publicaci\u00f3 al perfil de l\u2019Usuari de tota aquella informaci\u00f3 ja publicada a la p\u00e0gina de l\u2019Associaci\u00f3 Jannu Ferides.<\/p><\/li>\n    <li><p>Enviar missatges personals i individuals a trav\u00e9s dels canals de la Xarxa Social.<\/p><\/li>\n    <li><p>Actualitzacions de l\u2019estat de la p\u00e0gina que es publicaran al perfil de l\u2019Usuari.<\/p><\/li>\n<\/ul>\n\n<p>L\u2019usuari sempre pot controlar les seves connexions, eliminar els continguts que deixin d\u2019interessar-li i restringir amb qui comparteix les seves connexions; per aix\u00f2 ha d\u2019accedir a la configuraci\u00f3 de privadesa del seu perfil.<\/p>\n\n<h5><strong>Publicacions<\/strong><\/h5>\n\n<p>L\u2019Usuari, un cop unit a la p\u00e0gina de l\u2019Associaci\u00f3 Jannu Ferides, podr\u00e0 publicar-hi comentaris, enlla\u00e7os, imatges o fotografies, o qualsevol altre tipus de contingut multim\u00e8dia suportat per la Xarxa Social. L\u2019usuari, en tots els casos, ha de ser-ne titular, gaudir dels drets d\u2019autor i de propietat intel\u00b7lectual o comptar amb el consentiment dels tercers afectats. Es prohibeix expressament qualsevol publicaci\u00f3 a la p\u00e0gina, ja siguin textos, gr\u00e0fics, fotografies, v\u00eddeos, etc., que atemptin o puguin atemptar contra la moral, l\u2019\u00e8tica, el bon gust o el dec\u00f2rum, i\/o que infringeixin, vulnerin o vulnerin els drets de propietat intel\u00b7lectual o industrial, el dret a la imatge o la Llei. En aquests casos, l\u2019Associaci\u00f3 Jannu Ferides es reserva el dret de retirar immediatament el contingut, podent sol\u00b7licitar el bloqueig permanent de l\u2019Usuari.<\/p>\n\n<p>L\u2019Associaci\u00f3 Jannu Ferides no es far\u00e0 responsable dels continguts que un Usuari publiqui lliurement.<\/p>\n\n<p>L\u2019Usuari ha de tenir present que les seves publicacions seran visibles per altres usuaris, per la qual cosa tamb\u00e9 \u00e9s el principal responsable de la seva privadesa.<\/p>\n\n<p>Les imatges que es puguin publicar a la p\u00e0gina no seran emmagatzemades en cap fitxer per part de l\u2019Associaci\u00f3 Jannu Ferides, per\u00f2 s\u00ed que romandran a la Xarxa Social.<\/p>\n\n<h5><strong>Concursos i promocions<\/strong><\/h5>\n\n<p>L\u2019Associaci\u00f3 Jannu Ferides es reserva el dret de realitzar concursos i promocions, en els quals podr\u00e0 participar l\u2019Usuari unit a la seva p\u00e0gina. Les bases de cadascun d\u2019ells, quan s\u2019utilitzi la plataforma de la Xarxa Social, seran publicades a la mateixa, complint sempre amb la LSSICE i qualsevol altra normativa aplicable.<\/p>\n\n<p>La Xarxa Social no patrocina, avala ni administra, de cap manera, cap de les nostres promocions, ni est\u00e0 associada a cap d\u2019elles.<\/p>\n\n<h5><strong>Publicitat<\/strong><\/h5>\n\n<p>L\u2019Associaci\u00f3 Jannu Ferides utilitzar\u00e0 la Xarxa Social per publicitar els seus productes i serveis. En tot cas, si decideix tractar les seves dades de contacte per realitzar accions directes de prospecci\u00f3 comercial, sempre ser\u00e0 complint amb les exig\u00e8ncies legals del RGPD i de la LSSICE.<\/p>\n\n<p>No es considera publicitat el fet de recomanar a altres Usuaris la p\u00e0gina de l\u2019Associaci\u00f3 Jannu Ferides, de manera que tamb\u00e9 puguin gaudir de les promocions o estar informats de la seva activitat.<\/p>\n\n<p>A continuaci\u00f3 detallem l\u2019enlla\u00e7 a la pol\u00edtica de privadesa de les diferents Xarxes Socials:<\/p>\n\n<p>Facebook: <a href=\"https:\/\/www.facebook.com\/help\/323540651073243\" target=\"_blank\">https:\/\/www.facebook.com\/help\/323540651073243<\/a><\/p>\n\n<p>Twitter: <a href=\"https:\/\/twitter.com\/privacy\" target=\"_blank\">https:\/\/twitter.com\/privacy<\/a><\/p>\n\n<p>YouTube: <a href=\"http:\/\/www.youtube.com\/yt\/policyandsafety\/es\/\" target=\"_blank\">http:\/\/www.youtube.com\/yt\/policyandsafety\/es\/<\/a><\/p>\n\n\n","protected":false},"excerpt":{"rendered":"<p>Associaci\u00f3 Jannu Ferides En compliment de la Llei Org\u00e0nica 3\/2018, LOPD-GDD, de Protecci\u00f3 de Dades Personals i Garantia de Drets Digitals, del Reglament Europeu 2016\/679, de protecci\u00f3 de dades de car\u00e0cter personal (RGPD), i de la Llei 34\/2002, de l\u201911 de juliol, de Serveis de la Societat de la Informaci\u00f3 i de Comer\u00e7 Electr\u00f2nic (LSSICE), l\u2019Associaci\u00f3 Jannu Ferides informa els&#8230;<\/p>\n","protected":false},"author":4,"featured_media":0,"parent":0,"menu_order":0,"comment_status":"closed","ping_status":"closed","template":"","meta":{"_acf_changed":false,"_uag_custom_page_level_css":"","footnotes":""},"class_list":["post-1079","page","type-page","status-publish"],"acf":[],"uagb_featured_image_src":{"full":false,"thumbnail":false,"medium":false,"medium_large":false,"large":false,"1536x1536":false,"2048x2048":false},"uagb_author_info":{"display_name":"Joan-Enric Torra Bou","author_link":"https:\/\/jannu-ferides.org\/ca\/author\/jetorrabouhotmail-com\/"},"uagb_comment_info":0,"uagb_excerpt":"Associaci\u00f3 Jannu Ferides En compliment de la Llei Org\u00e0nica 3\/2018, LOPD-GDD, de Protecci\u00f3 de Dades Personals i Garantia de Drets Digitals, del Reglament Europeu 2016\/679, de protecci\u00f3 de dades de car\u00e0cter personal (RGPD), i de la Llei 34\/2002, de l\u201911 de juliol, de Serveis de la Societat de la Informaci\u00f3 i de Comer\u00e7 Electr\u00f2nic (LSSICE),&hellip;","jetpack_sharing_enabled":true,"_links":{"self":[{"href":"https:\/\/jannu-ferides.org\/ca\/wp-json\/wp\/v2\/pages\/1079","targetHints":{"allow":["GET"]}}],"collection":[{"href":"https:\/\/jannu-ferides.org\/ca\/wp-json\/wp\/v2\/pages"}],"about":[{"href":"https:\/\/jannu-ferides.org\/ca\/wp-json\/wp\/v2\/types\/page"}],"author":[{"embeddable":true,"href":"https:\/\/jannu-ferides.org\/ca\/wp-json\/wp\/v2\/users\/4"}],"replies":[{"embeddable":true,"href":"https:\/\/jannu-ferides.org\/ca\/wp-json\/wp\/v2\/comments?post=1079"}],"version-history":[{"count":2,"href":"https:\/\/jannu-ferides.org\/ca\/wp-json\/wp\/v2\/pages\/1079\/revisions"}],"predecessor-version":[{"id":1329,"href":"https:\/\/jannu-ferides.org\/ca\/wp-json\/wp\/v2\/pages\/1079\/revisions\/1329"}],"wp:attachment":[{"href":"https:\/\/jannu-ferides.org\/ca\/wp-json\/wp\/v2\/media?parent=1079"}],"curies":[{"name":"wp","href":"https:\/\/api.w.org\/{rel}","templated":true}]}}