{"id":1063,"date":"2025-10-28T15:40:49","date_gmt":"2025-10-28T14:40:49","guid":{"rendered":"https:\/\/jannu-ferides.org\/?page_id=1063"},"modified":"2026-01-22T13:04:57","modified_gmt":"2026-01-22T12:04:57","slug":"magradaria-collaborar-amb-jannu-ferides","status":"publish","type":"page","link":"https:\/\/jannu-ferides.org\/ca\/magradaria-collaborar-amb-jannu-ferides\/","title":{"rendered":"M&#8217;agradaria col\u00b7laborar amb Jannu Ferides"},"content":{"rendered":"            <div class=\"nubevent-introduction-text\">\n\t\t        Des de Jannu Ferides treballem perqu\u00e8 en els entorns de baix poder econ\u00f2mic, qualsevol persona, pel sol fet de ser persona, pugui accedir a un dret fonamental com \u00e9s rebre una cura adequada de les ferides.<br \/>\r\n<br \/>\r\nTamb\u00e9 treballem per ajudar a la formaci\u00f3 i al desenvolupament dels professionals ia les institucions de salut que treballen en aquests entorns, aix\u00ed com a formar estructures estables per a la cura interdisciplin\u00e0ria de les ferides, sempre intentant contribuir al desenvolupament econ\u00f2mic i social local aix\u00ed com al respecte i comprom\u00eds amb el medi ambient.<br \/>\r\n<br \/>\r\nEls qui formem part de Jannu Ferides hi posem molta il\u00b7lusi\u00f3, per\u00f2 nom\u00e9s amb il\u00b7lusi\u00f3 no podem transformar realitats, \u00e9s per aix\u00f2 que necessitem la teva col\u00b7laboraci\u00f3.<br \/>\r\n<br \/>\r\nAvui, m\u00e9s que mai, el m\u00f3n necessita un canvi basat en el desenvolupament de l'atenci\u00f3 de salut, la solidaritat i el comprom\u00eds humanitari.<br \/>\r\n<br \/>\r\nPer aix\u00f2, la teva col\u00b7laboraci\u00f3 \u00e9s fonamental.<br \/>\r\n<br \/>\r\nCol\u00b7labora ara amb Jannu Ferides: entre tots posarem el nostre granet de sorra per aconseguir que totes les persones, sobretot en entorns de baix poder econ\u00f2mic, puguin gaudir del dret fonamental a rebre una adequada cura (preventiva i curativa) de les seves ferides.<br \/>\r\n<br \/>\r\n<br \/>\r\nEns ajudes? Col\u00b7labora ara. Moltes gr\u00e0cies pel teu suport.\t        <\/div>\n                <form method=\"post\">\n            <div class=\"row nubevent-donations-cards-row\">\n                                    <div class=\"col-lg-4 col-sm-6 mb-3 d-flex align-items-stretch\">\n                        <div class=\"card w-100\">\n                            <div class=\"card-header\">\n                                <h4 class=\"donations-type-title\">\n                                                                            <i class=\"fas fa-hand-holding-medical\"><\/i>\n                                        Donaci\u00f3 puntual                                <\/h4>\n                            <\/div>\n                            <div class=\"card-body\">\n                                <div class=\"donation-default-prices\">\n                                                                            <button type=\"submit\" class=\"btn donation-submit-button\" name=\"nubevent_action\" value=\"0-20\">20 \u20ac<\/button>\n                                                                            <button type=\"submit\" class=\"btn donation-submit-button\" name=\"nubevent_action\" value=\"0-30\">30 \u20ac<\/button>\n                                                                            <button type=\"submit\" class=\"btn donation-submit-button\" name=\"nubevent_action\" value=\"0-40\">40 \u20ac<\/button>\n                                                                            <button type=\"submit\" class=\"btn donation-submit-button\" name=\"nubevent_action\" value=\"0-50\">50 \u20ac<\/button>\n                                                                    <\/div>\n                                <div class=\"input-group donation-custom-price\">\n                                    <input type=\"number\" min=\"50\" step=\"0.01\" class=\"form-control\" placeholder=\"Altres imports\" name=\"0-custom\">\n                                    <div class=\"input-group-append\">\n                                        <button class=\"btn\" type=\"submit\" name=\"nubevent_action\" value=\"0-custom\">Donar<\/button>\n                                    <\/div>\n                                <\/div>\n                            <\/div>\n                        <\/div>\n                    <\/div>\n                                    <div class=\"col-lg-4 col-sm-6 mb-3 d-flex align-items-stretch\">\n                        <div class=\"card w-100\">\n                            <div class=\"card-header\">\n                                <h4 class=\"donations-type-title\">\n                                                                            <i class=\"fas fa-donate\"><\/i>\n                                        Donaci\u00f3 trimestral                                <\/h4>\n                            <\/div>\n                            <div class=\"card-body\">\n                                <div class=\"donation-default-prices\">\n                                                                            <button type=\"submit\" class=\"btn donation-submit-button\" name=\"nubevent_action\" value=\"1-5\">5 \u20ac<\/button>\n                                                                            <button type=\"submit\" class=\"btn donation-submit-button\" name=\"nubevent_action\" value=\"1-10\">10 \u20ac<\/button>\n                                                                            <button type=\"submit\" class=\"btn donation-submit-button\" name=\"nubevent_action\" value=\"1-15\">15 \u20ac<\/button>\n                                                                            <button type=\"submit\" class=\"btn donation-submit-button\" name=\"nubevent_action\" value=\"1-20\">20 \u20ac<\/button>\n                                                                    <\/div>\n                                <div class=\"input-group donation-custom-price\">\n                                    <input type=\"number\" min=\"20\" step=\"0.01\" class=\"form-control\" placeholder=\"Altres imports\" name=\"1-custom\">\n                                    <div class=\"input-group-append\">\n                                        <button class=\"btn\" type=\"submit\" name=\"nubevent_action\" value=\"1-custom\">Donar<\/button>\n                                    <\/div>\n                                <\/div>\n                            <\/div>\n                        <\/div>\n                    <\/div>\n                                    <div class=\"col-lg-4 col-sm-6 mb-3 d-flex align-items-stretch\">\n                        <div class=\"card w-100\">\n                            <div class=\"card-header\">\n                                <h4 class=\"donations-type-title\">\n                                                                            <i class=\"fas fa-hand-holding-usd\"><\/i>\n                                        Donaci\u00f3 anual                                <\/h4>\n                            <\/div>\n                            <div class=\"card-body\">\n                                <div class=\"donation-default-prices\">\n                                                                            <button type=\"submit\" class=\"btn donation-submit-button\" name=\"nubevent_action\" value=\"2-20\">20 \u20ac<\/button>\n                                                                            <button type=\"submit\" class=\"btn donation-submit-button\" name=\"nubevent_action\" value=\"2-30\">30 \u20ac<\/button>\n                                                                            <button type=\"submit\" class=\"btn donation-submit-button\" name=\"nubevent_action\" value=\"2-40\">40 \u20ac<\/button>\n                                                                            <button type=\"submit\" class=\"btn donation-submit-button\" name=\"nubevent_action\" value=\"2-50\">50 \u20ac<\/button>\n                                                                    <\/div>\n                                <div class=\"input-group donation-custom-price\">\n                                    <input type=\"number\" min=\"50\" step=\"0.01\" class=\"form-control\" placeholder=\"Altres imports\" name=\"2-custom\">\n                                    <div class=\"input-group-append\">\n                                        <button class=\"btn\" type=\"submit\" name=\"nubevent_action\" value=\"2-custom\">Donar<\/button>\n                                    <\/div>\n                                <\/div>\n                            <\/div>\n                        <\/div>\n                    <\/div>\n                                <div class=\"col-sm-6 mb-3 mb-lg-0 d-flex align-items-stretch\">\n                    <div class=\"card w-100\">\n                        <div class=\"card-header\">\n                            <h4 class=\"donations-type-title\">\n                                <i class=\"fas fa-user-friends\"><\/i>\n                                Vull ser membre                            <\/h4>\n                        <\/div>\n                        <div class=\"card-body align-content-center\">\n                                                            <p>Els socis\/es al corrent de pagament i d'acord amb les condicions establertes als estatuts de Jannu Ferides tenen dret a participar a la din\u00e0mica de l'associaci\u00f3 i accedir a l'apartat \u00e0rea de socis de la nostra web. Per participar en activitats de voluntariat organitzades per <b>Jannu Ferides<\/b> \u00e9s imprescindible ser soci\/a.<\/p>\n                                                        <a href=\"https:\/\/jannu-ferides.org\/hazte-miembro\/\" class=\"btn donation-submit-button\">\n                                60 \u20ac anuals                            <\/a>\n                        <\/div>\n                    <\/div>\n                <\/div>\n                <div class=\"col-lg-6 d-flex align-items-stretch\">\n                    <div class=\"card w-100\">\n                        <div class=\"card-header\">\n                            <h4 class=\"donations-type-title\">\n                                <i class=\"fas fa-hands-helping\"><\/i>\n                                Altres tipus de col\u00b7laboracions                            <\/h4>\n                        <\/div>\n                        <div class=\"card-body align-content-center\">\n                            <p>Escriu-nos a: <a href=\"mailto:info@jannu-ferides.org\">info@jannu-ferides.org<\/a><\/p>\n                        <\/div>\n                    <\/div>\n                <\/div>\n            <\/div>\n        <\/form>\n        \n","protected":false},"excerpt":{"rendered":"","protected":false},"author":4,"featured_media":0,"parent":0,"menu_order":0,"comment_status":"closed","ping_status":"closed","template":"","meta":{"_acf_changed":false,"_uag_custom_page_level_css":"","footnotes":""},"class_list":["post-1063","page","type-page","status-publish"],"acf":[],"uagb_featured_image_src":{"full":false,"thumbnail":false,"medium":false,"medium_large":false,"large":false,"1536x1536":false,"2048x2048":false},"uagb_author_info":{"display_name":"Joan-Enric Torra Bou","author_link":"https:\/\/jannu-ferides.org\/ca\/author\/jetorrabouhotmail-com\/"},"uagb_comment_info":0,"uagb_excerpt":null,"jetpack_sharing_enabled":true,"_links":{"self":[{"href":"https:\/\/jannu-ferides.org\/ca\/wp-json\/wp\/v2\/pages\/1063","targetHints":{"allow":["GET"]}}],"collection":[{"href":"https:\/\/jannu-ferides.org\/ca\/wp-json\/wp\/v2\/pages"}],"about":[{"href":"https:\/\/jannu-ferides.org\/ca\/wp-json\/wp\/v2\/types\/page"}],"author":[{"embeddable":true,"href":"https:\/\/jannu-ferides.org\/ca\/wp-json\/wp\/v2\/users\/4"}],"replies":[{"embeddable":true,"href":"https:\/\/jannu-ferides.org\/ca\/wp-json\/wp\/v2\/comments?post=1063"}],"version-history":[{"count":3,"href":"https:\/\/jannu-ferides.org\/ca\/wp-json\/wp\/v2\/pages\/1063\/revisions"}],"predecessor-version":[{"id":1437,"href":"https:\/\/jannu-ferides.org\/ca\/wp-json\/wp\/v2\/pages\/1063\/revisions\/1437"}],"wp:attachment":[{"href":"https:\/\/jannu-ferides.org\/ca\/wp-json\/wp\/v2\/media?parent=1063"}],"curies":[{"name":"wp","href":"https:\/\/api.w.org\/{rel}","templated":true}]}}