{"id":1028,"date":"2025-10-28T15:41:02","date_gmt":"2025-10-28T14:41:02","guid":{"rendered":"https:\/\/jannu-ferides.org\/?page_id=1028"},"modified":"2026-01-09T11:54:12","modified_gmt":"2026-01-09T10:54:12","slug":"contacte","status":"publish","type":"page","link":"https:\/\/jannu-ferides.org\/ca\/contacte\/","title":{"rendered":"Contacte"},"content":{"rendered":"\n<div class=\"wp-block-uagb-container uagb-block-f211373d default uagb-is-root-container\">\n<div class=\"wp-block-uagb-inline-notice uagb-inline_notice__align-left uagb-block-ba7cd7cd\"><button class=\"uagb-notice-close-button\" type=\"button\" aria-label=\"Close\"><\/button><h4 class=\"uagb-notice-title\">T&#8217;escoltem&#8230;<\/h4><div class=\"uagb-notice-text\">\n<script>\ndocument.addEventListener(\"DOMContentLoaded\", function () {\n\n  const wrapper = document.querySelector('[data-name=\"checkbox-673-politica-check\"]');\n  if (!wrapper) return;\n  const checkbox = wrapper.querySelector('input[type=\"checkbox\"]');\n  const labelSpan = wrapper.querySelector('.wpcf7-list-item-label');\n\n  if (labelSpan) {\n    labelSpan.innerHTML = `He llegit i accepto l'<a href=\"https:\/\/jannu-ferides.org\/ca\/termes-i-condicions\/\" target=\"_blank\">Av\u00eds Legal<\/a> i la <a href=\"https:\/\/jannu-ferides.org\/ca\/politica-de-privacitat\/\" target=\"_blank\">Pol\u00edtica de Privacitat<\/a>`;\n  }\n\n  if (checkbox) {\n    checkbox.addEventListener(\"change\", function () {\n      if (this.checked) { \n        if (jQuery(\"#custom-modal-2\").length) {\n          jQuery(\"#custom-modal-2\").modal(\"show\");\n        }\n      }\n    });\n\n    checkbox.addEventListener(\"mousedown\", function(e) {\n      e.preventDefault(); \/\/ evita que es perdi el focus massa aviat\n    });\n  }\n\n  const observer = new MutationObserver(function () {\n    const error = wrapper.querySelector('.wpcf7-not-valid-tip');\n    if (!error) return;\n    if (error.innerText === \"Por favor, rellena este campo.\") {\n      error.innerText = \"Has d'acceptar l'Av\u00eds Legal i la Pol\u00edtica de Privacitat\";\n      error.style.marginLeft = \"15px\";\n    }\n  });\n\n  observer.observe(wrapper, { childList: true, subtree: true });\n});\n<\/script>\n\n\n\n\n\n<div class=\"wpcf7 no-js\" id=\"wpcf7-f1344-o1\" lang=\"es-ES\" dir=\"ltr\" data-wpcf7-id=\"1344\">\n<div class=\"screen-reader-response\"><p role=\"status\" aria-live=\"polite\" aria-atomic=\"true\"><\/p> <ul><\/ul><\/div>\n<form action=\"\/ca\/wp-json\/wp\/v2\/pages\/1028#wpcf7-f1344-o1\" method=\"post\" class=\"wpcf7-form init\" aria-label=\"Formulario de contacto\" novalidate=\"novalidate\" data-status=\"init\">\n<fieldset class=\"hidden-fields-container\"><input type=\"hidden\" name=\"_wpcf7\" value=\"1344\" \/><input type=\"hidden\" name=\"_wpcf7_version\" value=\"6.1.5\" \/><input type=\"hidden\" name=\"_wpcf7_locale\" value=\"es_ES\" \/><input type=\"hidden\" name=\"_wpcf7_unit_tag\" value=\"wpcf7-f1344-o1\" \/><input type=\"hidden\" name=\"_wpcf7_container_post\" value=\"0\" \/><input type=\"hidden\" name=\"_wpcf7_posted_data_hash\" value=\"\" \/><input type=\"hidden\" name=\"_wpcf7_recaptcha_response\" value=\"\" \/>\n<\/fieldset>\n<p><label> Nom<br \/>\n<span class=\"wpcf7-form-control-wrap\" data-name=\"your-name\"><input size=\"40\" maxlength=\"400\" class=\"wpcf7-form-control wpcf7-text wpcf7-validates-as-required\" autocomplete=\"name\" aria-required=\"true\" aria-invalid=\"false\" value=\"\" type=\"text\" name=\"your-name\" \/><\/span> <\/label>\n<\/p>\n<p><label> Correu electr\u00f2nic<br \/>\n<span class=\"wpcf7-form-control-wrap\" data-name=\"your-email\"><input size=\"40\" maxlength=\"400\" class=\"wpcf7-form-control wpcf7-email wpcf7-validates-as-required wpcf7-text wpcf7-validates-as-email\" autocomplete=\"email\" aria-required=\"true\" aria-invalid=\"false\" value=\"\" type=\"email\" name=\"your-email\" \/><\/span> <\/label>\n<\/p>\n<p><label> Assumpte<br \/>\n<span class=\"wpcf7-form-control-wrap\" data-name=\"your-subject\"><input size=\"40\" maxlength=\"400\" class=\"wpcf7-form-control wpcf7-text wpcf7-validates-as-required\" aria-required=\"true\" aria-invalid=\"false\" value=\"\" type=\"text\" name=\"your-subject\" \/><\/span> <\/label>\n<\/p>\n<p><label> Missatge (Opcional)<br \/>\n<span class=\"wpcf7-form-control-wrap\" data-name=\"your-message\"><textarea cols=\"40\" rows=\"10\" maxlength=\"2000\" class=\"wpcf7-form-control wpcf7-textarea\" aria-invalid=\"false\" name=\"your-message\"><\/textarea><\/span> <\/label>\n<\/p>\n<p><label><br \/>\n<span class=\"wpcf7-form-control-wrap\" data-name=\"checkbox-673-politica-check\"><span class=\"wpcf7-form-control wpcf7-checkbox wpcf7-validates-as-required\"><span class=\"wpcf7-list-item first last\"><input type=\"checkbox\" name=\"checkbox-673-politica-check[]\" value=\"1\" \/><span class=\"wpcf7-list-item-label\">1<\/span><\/span><\/span><\/span><br \/>\n<\/label>\n<\/p>\n<p><input class=\"wpcf7-form-control wpcf7-submit has-spinner\" type=\"submit\" value=\"Enviar\" \/>\n<\/p>\n<div class=\"info-basica-contacto\">\n\t<p><strong>Informaci\u00f3 b\u00e0sica sobre protecci\u00f3 de dades:<\/strong>\n\t<\/p>\n\t<p><strong>Responsable del tractament:<\/strong> Associaci\u00f3 Jannu Ferides.\n\t<\/p>\n\t<p><strong>Finalitat del tractament:<\/strong> gestionar les consultes dels usuaris i atendre les sol\u00b7licituds.\n\t<\/p>\n\t<p><strong>Base legal:<\/strong> el consentiment atorgat amb l\u2019acceptaci\u00f3 de la present Pol\u00edtica de Protecci\u00f3 de Dades.\n\t<\/p>\n\t<p><strong>Destinataris:<\/strong> no seran comunicats a terceres persones, excepte per obligaci\u00f3 legal.\n\t<\/p>\n\t<p><strong>Drets:<\/strong> per exercir els drets d\u2019acc\u00e9s, rectificaci\u00f3, portabilitat i supressi\u00f3 de les seves dades i els de limitaci\u00f3 i oposici\u00f3 al seu tractament reconeguts per la normativa, pot enviar un correu a <a href=\"mailto:info@jannu-ferides.org\">info@jannu-ferides.org<\/a>.\n\t<\/p>\n\t<p>Per a m\u00e9s informaci\u00f3 sobre aquest tractament i com exercir els seus drets, pot consultar la nostra pol\u00edtica completa de protecci\u00f3 de dades a:<br \/>\n<a href=\"http:\/\/www.jannu-ferides.org\" target=\"_blank\">http:\/\/www.jannu-ferides.org<\/a>.\n\t<\/p>\n<\/div><div class=\"wpcf7-response-output\" aria-hidden=\"true\"><\/div>\n<\/form>\n<\/div>\n\n<\/div><\/div>\n<\/div>\n","protected":false},"excerpt":{"rendered":"","protected":false},"author":4,"featured_media":0,"parent":0,"menu_order":0,"comment_status":"closed","ping_status":"closed","template":"","meta":{"_acf_changed":false,"_uag_custom_page_level_css":"","footnotes":""},"class_list":["post-1028","page","type-page","status-publish"],"acf":[],"uagb_featured_image_src":{"full":false,"thumbnail":false,"medium":false,"medium_large":false,"large":false,"1536x1536":false,"2048x2048":false},"uagb_author_info":{"display_name":"Joan-Enric Torra Bou","author_link":"https:\/\/jannu-ferides.org\/ca\/author\/jetorrabouhotmail-com\/"},"uagb_comment_info":0,"uagb_excerpt":null,"jetpack_sharing_enabled":true,"_links":{"self":[{"href":"https:\/\/jannu-ferides.org\/ca\/wp-json\/wp\/v2\/pages\/1028","targetHints":{"allow":["GET"]}}],"collection":[{"href":"https:\/\/jannu-ferides.org\/ca\/wp-json\/wp\/v2\/pages"}],"about":[{"href":"https:\/\/jannu-ferides.org\/ca\/wp-json\/wp\/v2\/types\/page"}],"author":[{"embeddable":true,"href":"https:\/\/jannu-ferides.org\/ca\/wp-json\/wp\/v2\/users\/4"}],"replies":[{"embeddable":true,"href":"https:\/\/jannu-ferides.org\/ca\/wp-json\/wp\/v2\/comments?post=1028"}],"version-history":[{"count":5,"href":"https:\/\/jannu-ferides.org\/ca\/wp-json\/wp\/v2\/pages\/1028\/revisions"}],"predecessor-version":[{"id":1348,"href":"https:\/\/jannu-ferides.org\/ca\/wp-json\/wp\/v2\/pages\/1028\/revisions\/1348"}],"wp:attachment":[{"href":"https:\/\/jannu-ferides.org\/ca\/wp-json\/wp\/v2\/media?parent=1028"}],"curies":[{"name":"wp","href":"https:\/\/api.w.org\/{rel}","templated":true}]}}